{"id":790,"date":"2024-08-24T17:41:21","date_gmt":"2024-08-24T17:41:21","guid":{"rendered":"https:\/\/lipoart.es\/?page_id=790"},"modified":"2024-12-11T22:09:15","modified_gmt":"2024-12-11T22:09:15","slug":"celulitis","status":"publish","type":"page","link":"https:\/\/lipoart.es\/en\/celulitis\/","title":{"rendered":"Cellulitis"},"content":{"rendered":"<div data-elementor-type=\"wp-page\" data-elementor-id=\"790\" class=\"elementor elementor-790\" data-elementor-post-type=\"page\">\n\t\t\t\t\t\t<section class=\"elementor-section elementor-top-section elementor-element elementor-element-51a7585 elementor-section-content-middle elementor-section-height-min-height elementor-section-boxed elementor-section-height-default elementor-section-items-middle\" data-id=\"51a7585\" data-element_type=\"section\" data-settings=\"{&quot;background_background&quot;:&quot;classic&quot;}\">\n\t\t\t\t\t\t\t<div class=\"elementor-background-overlay\"><\/div>\n\t\t\t\t\t\t\t<div class=\"elementor-container elementor-column-gap-wide\">\n\t\t\t\t\t<div class=\"elementor-column elementor-col-100 elementor-top-column elementor-element elementor-element-c3f670c\" data-id=\"c3f670c\" data-element_type=\"column\">\n\t\t\t<div class=\"elementor-widget-wrap elementor-element-populated\">\n\t\t\t\t\t\t<div class=\"elementor-element elementor-element-bfe577a elementor-widget elementor-widget-jkit_heading\" data-id=\"bfe577a\" data-element_type=\"widget\" data-widget_type=\"jkit_heading.default\">\n\t\t\t\t<div class=\"elementor-widget-container\">\n\t\t\t<div  class=\"jeg-elementor-kit jkit-heading  align-center align-tablet- align-mobile- jeg_module___69e271114ddd7\" ><div class=\"heading-section-title  display-inline-block\"><h1 class=\"heading-title\">Cellulitis<\/h1><\/div><\/div>\t\t<\/div>\n\t\t\t\t<\/div>\n\t\t\t\t\t<\/div>\n\t\t<\/div>\n\t\t\t\t\t<\/div>\n\t\t<\/section>\n\t\t\t\t<section class=\"elementor-section elementor-top-section elementor-element elementor-element-ab2fbd9 elementor-section-full_width elementor-section-height-default elementor-section-height-default\" data-id=\"ab2fbd9\" data-element_type=\"section\" data-settings=\"{&quot;background_background&quot;:&quot;classic&quot;}\">\n\t\t\t\t\t\t<div class=\"elementor-container elementor-column-gap-no\">\n\t\t\t\t\t<div class=\"elementor-column elementor-col-50 elementor-top-column elementor-element elementor-element-ee1cc80\" data-id=\"ee1cc80\" data-element_type=\"column\" data-settings=\"{&quot;background_background&quot;:&quot;classic&quot;}\">\n\t\t\t<div class=\"elementor-widget-wrap elementor-element-populated\">\n\t\t\t\t\t\t<div class=\"elementor-element elementor-element-5293902 elementor-widget elementor-widget-spacer\" data-id=\"5293902\" data-element_type=\"widget\" data-widget_type=\"spacer.default\">\n\t\t\t\t<div class=\"elementor-widget-container\">\n\t\t\t<style>\/*! elementor - v3.23.0 - 05-08-2024 *\/\n.elementor-column .elementor-spacer-inner{height:var(--spacer-size)}.e-con{--container-widget-width:100%}.e-con-inner>.elementor-widget-spacer,.e-con>.elementor-widget-spacer{width:var(--container-widget-width,var(--spacer-size));--align-self:var(--container-widget-align-self,initial);--flex-shrink:0}.e-con-inner>.elementor-widget-spacer>.elementor-widget-container,.e-con>.elementor-widget-spacer>.elementor-widget-container{height:100%;width:100%}.e-con-inner>.elementor-widget-spacer>.elementor-widget-container>.elementor-spacer,.e-con>.elementor-widget-spacer>.elementor-widget-container>.elementor-spacer{height:100%}.e-con-inner>.elementor-widget-spacer>.elementor-widget-container>.elementor-spacer>.elementor-spacer-inner,.e-con>.elementor-widget-spacer>.elementor-widget-container>.elementor-spacer>.elementor-spacer-inner{height:var(--container-widget-height,var(--spacer-size))}.e-con-inner>.elementor-widget-spacer.elementor-widget-empty,.e-con>.elementor-widget-spacer.elementor-widget-empty{position:relative;min-height:22px;min-width:22px}.e-con-inner>.elementor-widget-spacer.elementor-widget-empty .elementor-widget-empty-icon,.e-con>.elementor-widget-spacer.elementor-widget-empty .elementor-widget-empty-icon{position:absolute;top:0;bottom:0;left:0;right:0;margin:auto;padding:0;width:22px;height:22px}<\/style>\t\t<div class=\"elementor-spacer\">\n\t\t\t<div class=\"elementor-spacer-inner\"><\/div>\n\t\t<\/div>\n\t\t\t\t<\/div>\n\t\t\t\t<\/div>\n\t\t\t\t\t<\/div>\n\t\t<\/div>\n\t\t\t\t<div class=\"elementor-column elementor-col-50 elementor-top-column elementor-element elementor-element-26f9753\" data-id=\"26f9753\" data-element_type=\"column\">\n\t\t\t<div class=\"elementor-widget-wrap elementor-element-populated\">\n\t\t\t\t\t\t<div class=\"elementor-element elementor-element-768ccc0 elementor-widget__width-initial elementor-widget elementor-widget-jkit_heading\" data-id=\"768ccc0\" data-element_type=\"widget\" data-widget_type=\"jkit_heading.default\">\n\t\t\t\t<div class=\"elementor-widget-container\">\n\t\t\t<div  class=\"jeg-elementor-kit jkit-heading  align- align-tablet- align-mobile-center jeg_module__1_69e271114e649\" ><div class=\"heading-section-title  display-inline-block\"><h2 class=\"heading-title\">What is Cellulite?<\/h2><\/div><div class=\"heading-section-description\"><p>Cellulite is the aesthetic alteration that most worries and affects women. Eighty percent of women over 20 years of age, regardless of their weight or size appear to have this condition.<br \/>Cellulite is the consequence of the accumulation of adipose tissue in certain areas of the body, causing the formation of adipose nodules of fat, water and toxins (dimples in the skin or orange peel).<\/p><\/div><\/div>\t\t<\/div>\n\t\t\t\t<\/div>\n\t\t\t\t<div class=\"elementor-element elementor-element-e31cad6 elementor-widget__width-initial elementor-widget elementor-widget-jkit_heading\" data-id=\"e31cad6\" data-element_type=\"widget\" data-widget_type=\"jkit_heading.default\">\n\t\t\t\t<div class=\"elementor-widget-container\">\n\t\t\t<div  class=\"jeg-elementor-kit jkit-heading  align- align-tablet- align-mobile-center jeg_module__2_69e271114eb5f\" ><div class=\"heading-section-title  display-inline-block\"><h3 class=\"heading-title\">CAUSES OF CELLULITE<\/h3><\/div><h4 class=\"heading-section-subtitle  style-color\">What causes cellulite?<\/h4><div class=\"heading-section-description\"><p>Cellulite is generally caused by poor functioning of blood and lymphatic circulation as well as excess fat and fluid retention, normally caused by:<br \/>\u2022\u00a0\u00a0 \u00a0A higher than normal hormonal production.<br \/>\u2022\u00a0\u00a0 \u00a0A diet that is too rich in calories.<br \/>\u2022\u00a0\u00a0 \u00a0Lack of exercise.<br \/>\u2022\u00a0\u00a0 \u00a0Wear very tight clothing.<br \/>\u2022    Stress<br \/>\u2022\u00a0\u00a0 \u00a0Genetic inheritance<\/p><\/div><\/div>\t\t<\/div>\n\t\t\t\t<\/div>\n\t\t\t\t\t<\/div>\n\t\t<\/div>\n\t\t\t\t\t<\/div>\n\t\t<\/section>\n\t\t\t\t<section class=\"elementor-section elementor-top-section elementor-element elementor-element-fc03255 elementor-section-full_width elementor-section-height-default elementor-section-height-default\" data-id=\"fc03255\" data-element_type=\"section\" data-settings=\"{&quot;background_background&quot;:&quot;classic&quot;}\">\n\t\t\t\t\t\t<div class=\"elementor-container elementor-column-gap-default\">\n\t\t\t\t\t<div class=\"elementor-column elementor-col-50 elementor-top-column elementor-element elementor-element-ee3bb0a\" data-id=\"ee3bb0a\" data-element_type=\"column\">\n\t\t\t<div class=\"elementor-widget-wrap elementor-element-populated\">\n\t\t\t\t\t\t<div class=\"elementor-element elementor-element-7d60f0d elementor-widget__width-initial elementor-widget-tablet__width-inherit elementor-widget elementor-widget-jkit_heading\" data-id=\"7d60f0d\" data-element_type=\"widget\" data-widget_type=\"jkit_heading.default\">\n\t\t\t\t<div class=\"elementor-widget-container\">\n\t\t\t<div  class=\"jeg-elementor-kit jkit-heading  align- align-tablet- align-mobile-center jeg_module__3_69e271114f069\" ><div class=\"heading-section-title  display-inline-block\"><h3 class=\"heading-title\">AREAS AFFECTED BY CELLULITE<\/h3><\/div><h4 class=\"heading-section-subtitle  style-color\">What areas of the body does cellulite affect?<\/h4><div class=\"heading-section-description\"><p>The areas of the body affected by Cellulite are the following:<br \/>\u2022\u00a0\u00a0 \u00a0Thighs<br \/>\u2022\u00a0\u00a0 \u00a0Buttocks<br \/>\u2022\u00a0\u00a0 \u00a0Abdomen<br \/>\u2022    Legs<br \/>\u2022    Arms<br \/>\u2022    Neck<br \/>\u2022\u00a0\u00a0 \u00a0Bra line<\/p><\/div><\/div>\t\t<\/div>\n\t\t\t\t<\/div>\n\t\t\t\t<div class=\"elementor-element elementor-element-68c489f elementor-widget__width-initial elementor-widget-tablet__width-inherit elementor-widget elementor-widget-jkit_heading\" data-id=\"68c489f\" data-element_type=\"widget\" data-widget_type=\"jkit_heading.default\">\n\t\t\t\t<div class=\"elementor-widget-container\">\n\t\t\t<div  class=\"jeg-elementor-kit jkit-heading  align- align-tablet- align-mobile-center jeg_module__4_69e271114f599\" ><div class=\"heading-section-title  display-inline-block\"><h3 class=\"heading-title\">TYPES OF CELLULITE<\/h3><\/div><h4 class=\"heading-section-subtitle  style-color\">What types of Cellulite exist?<\/h4><div class=\"heading-section-description\"><p>There are 4 types of cellulite according to its appearance and its correlation with the consistency of the tissue.<br \/>\u2022\u00a0\u00a0 \u00a0Hard or fibrous cellulite: Generally this cellulite appears in young women, athletes or dancers.<br \/>\u2022\u00a0\u00a0 \u00a0Sclerotic cellulitis or edematous lipodystrophy (orange peel): It normally begins at puberty and worsens at menopause.<br \/>\u2022\u00a0\u00a0 \u00a0Soft or flaccid cellulite: It generally occurs after the age of 40.<br \/>\u2022\u00a0\u00a0 \u00a0Mixed cellulite: Combination of any of the above<\/p><\/div><\/div>\t\t<\/div>\n\t\t\t\t<\/div>\n\t\t\t\t<div class=\"elementor-element elementor-element-3b8e956 elementor-widget__width-initial elementor-widget-tablet__width-inherit elementor-widget elementor-widget-jkit_heading\" data-id=\"3b8e956\" data-element_type=\"widget\" data-widget_type=\"jkit_heading.default\">\n\t\t\t\t<div class=\"elementor-widget-container\">\n\t\t\t<div  class=\"jeg-elementor-kit jkit-heading  align- align-tablet- align-mobile-center jeg_module__5_69e271114fa66\" ><div class=\"heading-section-title  display-inline-block\"><h3 class=\"heading-title\"><\/h3><\/div><h4 class=\"heading-section-subtitle  style-color\">ANTI-CELLULITE TREATMENTS<\/h4><div class=\"heading-section-description\"><p>There are several treatments to combat cellulite, from topical or oral, and aesthetic medicine, which are the most effective and those we perform in our medical center.<br \/>\u2022\u00a0\u00a0 \u00a0Mesotherapy.<br \/>\u2022\u00a0\u00a0 \u00a0Carboxytherapy<br \/>\u2022\u00a0\u00a0 \u00a0Vacuum therapy.<br \/>\u2022\u00a0\u00a0 \u00a0Multipolar Radio Frequency.<\/p><p>\u2022\u00a0\u00a0\u00a0 Pressotherapy.<br \/>\u2022\u00a0\u00a0 \u00a0Lymphatic Massage.<\/p><\/div><\/div>\t\t<\/div>\n\t\t\t\t<\/div>\n\t\t\t\t\t<\/div>\n\t\t<\/div>\n\t\t\t\t<div class=\"elementor-column elementor-col-50 elementor-top-column elementor-element elementor-element-5053768\" data-id=\"5053768\" data-element_type=\"column\" data-settings=\"{&quot;background_background&quot;:&quot;classic&quot;}\">\n\t\t\t<div class=\"elementor-widget-wrap elementor-element-populated\">\n\t\t\t\t\t\t<div class=\"elementor-element elementor-element-0b02806 elementor-widget elementor-widget-spacer\" data-id=\"0b02806\" data-element_type=\"widget\" data-widget_type=\"spacer.default\">\n\t\t\t\t<div class=\"elementor-widget-container\">\n\t\t\t\t\t<div class=\"elementor-spacer\">\n\t\t\t<div class=\"elementor-spacer-inner\"><\/div>\n\t\t<\/div>\n\t\t\t\t<\/div>\n\t\t\t\t<\/div>\n\t\t\t\t\t<\/div>\n\t\t<\/div>\n\t\t\t\t\t<\/div>\n\t\t<\/section>\n\t\t\t\t<\/div>","protected":false},"excerpt":{"rendered":"<p>Celulitis \u00bfQu\u00e9 es la Celulitis? La Celulitis, es la alteraci\u00f3n est\u00e9tica que\u00a0 m\u00e1s preocupa y afecta a la mujer. El [&hellip;]<\/p>\n","protected":false},"author":1,"featured_media":0,"parent":0,"menu_order":0,"comment_status":"closed","ping_status":"closed","template":"elementor_header_footer","meta":{"site-sidebar-layout":"no-sidebar","site-content-layout":"","ast-site-content-layout":"full-width-container","site-content-style":"default","site-sidebar-style":"default","ast-global-header-display":"","ast-banner-title-visibility":"","ast-main-header-display":"","ast-hfb-above-header-display":"","ast-hfb-below-header-display":"","ast-hfb-mobile-header-display":"","site-post-title":"disabled","ast-breadcrumbs-content":"","ast-featured-img":"disabled","footer-sml-layout":"","theme-transparent-header-meta":"default","adv-header-id-meta":"","stick-header-meta":"","header-above-stick-meta":"","header-main-stick-meta":"","header-below-stick-meta":"","astra-migrate-meta-layouts":"set","ast-page-background-enabled":"default","ast-page-background-meta":{"desktop":{"background-color":"var(--ast-global-color-4)","background-image":"","background-repeat":"repeat","background-position":"center center","background-size":"auto","background-attachment":"scroll","background-type":"","background-media":"","overlay-type":"","overlay-color":"","overlay-opacity":"","overlay-gradient":""},"tablet":{"background-color":"","background-image":"","background-repeat":"repeat","background-position":"center center","background-size":"auto","background-attachment":"scroll","background-type":"","background-media":"","overlay-type":"","overlay-color":"","overlay-opacity":"","overlay-gradient":""},"mobile":{"background-color":"","background-image":"","background-repeat":"repeat","background-position":"center center","background-size":"auto","background-attachment":"scroll","background-type":"","background-media":"","overlay-type":"","overlay-color":"","overlay-opacity":"","overlay-gradient":""}},"ast-content-background-meta":{"desktop":{"background-color":"var(--ast-global-color-5)","background-image":"","background-repeat":"repeat","background-position":"center center","background-size":"auto","background-attachment":"scroll","background-type":"","background-media":"","overlay-type":"","overlay-color":"","overlay-opacity":"","overlay-gradient":""},"tablet":{"background-color":"var(--ast-global-color-5)","background-image":"","background-repeat":"repeat","background-position":"center center","background-size":"auto","background-attachment":"scroll","background-type":"","background-media":"","overlay-type":"","overlay-color":"","overlay-opacity":"","overlay-gradient":""},"mobile":{"background-color":"var(--ast-global-color-5)","background-image":"","background-repeat":"repeat","background-position":"center center","background-size":"auto","background-attachment":"scroll","background-type":"","background-media":"","overlay-type":"","overlay-color":"","overlay-opacity":"","overlay-gradient":""}},"footnotes":""},"class_list":["post-790","page","type-page","status-publish","hentry"],"_links":{"self":[{"href":"https:\/\/lipoart.es\/en\/wp-json\/wp\/v2\/pages\/790","targetHints":{"allow":["GET"]}}],"collection":[{"href":"https:\/\/lipoart.es\/en\/wp-json\/wp\/v2\/pages"}],"about":[{"href":"https:\/\/lipoart.es\/en\/wp-json\/wp\/v2\/types\/page"}],"author":[{"embeddable":true,"href":"https:\/\/lipoart.es\/en\/wp-json\/wp\/v2\/users\/1"}],"replies":[{"embeddable":true,"href":"https:\/\/lipoart.es\/en\/wp-json\/wp\/v2\/comments?post=790"}],"version-history":[{"count":28,"href":"https:\/\/lipoart.es\/en\/wp-json\/wp\/v2\/pages\/790\/revisions"}],"predecessor-version":[{"id":2006,"href":"https:\/\/lipoart.es\/en\/wp-json\/wp\/v2\/pages\/790\/revisions\/2006"}],"wp:attachment":[{"href":"https:\/\/lipoart.es\/en\/wp-json\/wp\/v2\/media?parent=790"}],"curies":[{"name":"wp","href":"https:\/\/api.w.org\/{rel}","templated":true}]}}