{"id":673,"date":"2024-08-24T13:48:12","date_gmt":"2024-08-24T13:48:12","guid":{"rendered":"https:\/\/lipoart.es\/?page_id=673"},"modified":"2024-09-01T15:11:34","modified_gmt":"2024-09-01T15:11:34","slug":"peeling-facial","status":"publish","type":"page","link":"https:\/\/lipoart.es\/en\/peeling-facial\/","title":{"rendered":"Face peeling"},"content":{"rendered":"<div data-elementor-type=\"wp-page\" data-elementor-id=\"673\" class=\"elementor elementor-673\" data-elementor-post-type=\"page\">\n\t\t\t\t\t\t<section class=\"elementor-section elementor-top-section elementor-element elementor-element-c6baef8 elementor-section-content-middle elementor-section-height-min-height elementor-section-boxed elementor-section-height-default elementor-section-items-middle\" data-id=\"c6baef8\" data-element_type=\"section\" data-settings=\"{&quot;background_background&quot;:&quot;classic&quot;}\">\n\t\t\t\t\t\t\t<div class=\"elementor-background-overlay\"><\/div>\n\t\t\t\t\t\t\t<div class=\"elementor-container elementor-column-gap-wide\">\n\t\t\t\t\t<div class=\"elementor-column elementor-col-100 elementor-top-column elementor-element elementor-element-c87eb4c\" data-id=\"c87eb4c\" data-element_type=\"column\">\n\t\t\t<div class=\"elementor-widget-wrap elementor-element-populated\">\n\t\t\t\t\t\t<div class=\"elementor-element elementor-element-e79736e elementor-widget elementor-widget-jkit_heading\" data-id=\"e79736e\" data-element_type=\"widget\" data-widget_type=\"jkit_heading.default\">\n\t\t\t\t<div class=\"elementor-widget-container\">\n\t\t\t<div  class=\"jeg-elementor-kit jkit-heading  align-center align-tablet- align-mobile- jeg_module___69e2755ed2c6e\" ><div class=\"heading-section-title  display-inline-block\"><h1 class=\"heading-title\">Peeling <span class=\"style-color\"><span>face<\/span><\/span><\/h1><\/div><\/div>\t\t<\/div>\n\t\t\t\t<\/div>\n\t\t\t\t\t<\/div>\n\t\t<\/div>\n\t\t\t\t\t<\/div>\n\t\t<\/section>\n\t\t\t\t<section class=\"elementor-section elementor-top-section elementor-element elementor-element-c2aaf26 elementor-section-full_width elementor-section-height-default elementor-section-height-default\" data-id=\"c2aaf26\" data-element_type=\"section\" data-settings=\"{&quot;background_background&quot;:&quot;classic&quot;}\">\n\t\t\t\t\t\t<div class=\"elementor-container elementor-column-gap-no\">\n\t\t\t\t\t<div class=\"elementor-column elementor-col-50 elementor-top-column elementor-element elementor-element-862566a\" data-id=\"862566a\" data-element_type=\"column\" data-settings=\"{&quot;background_background&quot;:&quot;classic&quot;}\">\n\t\t\t<div class=\"elementor-widget-wrap elementor-element-populated\">\n\t\t\t\t\t\t<div class=\"elementor-element elementor-element-4621a80 elementor-widget elementor-widget-spacer\" data-id=\"4621a80\" data-element_type=\"widget\" data-widget_type=\"spacer.default\">\n\t\t\t\t<div class=\"elementor-widget-container\">\n\t\t\t<style>\/*! elementor - v3.23.0 - 05-08-2024 *\/\n.elementor-column .elementor-spacer-inner{height:var(--spacer-size)}.e-con{--container-widget-width:100%}.e-con-inner>.elementor-widget-spacer,.e-con>.elementor-widget-spacer{width:var(--container-widget-width,var(--spacer-size));--align-self:var(--container-widget-align-self,initial);--flex-shrink:0}.e-con-inner>.elementor-widget-spacer>.elementor-widget-container,.e-con>.elementor-widget-spacer>.elementor-widget-container{height:100%;width:100%}.e-con-inner>.elementor-widget-spacer>.elementor-widget-container>.elementor-spacer,.e-con>.elementor-widget-spacer>.elementor-widget-container>.elementor-spacer{height:100%}.e-con-inner>.elementor-widget-spacer>.elementor-widget-container>.elementor-spacer>.elementor-spacer-inner,.e-con>.elementor-widget-spacer>.elementor-widget-container>.elementor-spacer>.elementor-spacer-inner{height:var(--container-widget-height,var(--spacer-size))}.e-con-inner>.elementor-widget-spacer.elementor-widget-empty,.e-con>.elementor-widget-spacer.elementor-widget-empty{position:relative;min-height:22px;min-width:22px}.e-con-inner>.elementor-widget-spacer.elementor-widget-empty .elementor-widget-empty-icon,.e-con>.elementor-widget-spacer.elementor-widget-empty .elementor-widget-empty-icon{position:absolute;top:0;bottom:0;left:0;right:0;margin:auto;padding:0;width:22px;height:22px}<\/style>\t\t<div class=\"elementor-spacer\">\n\t\t\t<div class=\"elementor-spacer-inner\"><\/div>\n\t\t<\/div>\n\t\t\t\t<\/div>\n\t\t\t\t<\/div>\n\t\t\t\t\t<\/div>\n\t\t<\/div>\n\t\t\t\t<div class=\"elementor-column elementor-col-50 elementor-top-column elementor-element elementor-element-716a6f6\" data-id=\"716a6f6\" data-element_type=\"column\">\n\t\t\t<div class=\"elementor-widget-wrap elementor-element-populated\">\n\t\t\t\t\t\t<div class=\"elementor-element elementor-element-d522f9c elementor-widget__width-initial elementor-widget elementor-widget-jkit_heading\" data-id=\"d522f9c\" data-element_type=\"widget\" data-widget_type=\"jkit_heading.default\">\n\t\t\t\t<div class=\"elementor-widget-container\">\n\t\t\t<div  class=\"jeg-elementor-kit jkit-heading  align- align-tablet- align-mobile-center jeg_module__1_69e2755ed381c\" ><div class=\"heading-section-title  display-inline-block\"><h2 class=\"heading-title\"><\/h2><\/div><div class=\"heading-section-description\"><p>Aging, the sun, fatigue or stress cause skin spots, wrinkles and skin damage.<\/p><p>Many people are looking for a simple treatment to improve the skin on their face without the need for surgical techniques.<\/p><p>One of these treatments is the Chemical Peeling that we carry out in our center, using chemical products to eliminate a part of the epidermis or dermis and improve the quality of the skin, and increase the production of collagen and elastin, basic components to maintain the smooth and firm skin.<\/p><p>Among the substances used for Chemical Peels are phenol and salicylic, trichloroacetic and glycolic acids and each of them has its advantages and disadvantages.<\/p><p>Our aesthetic doctors with many years of experience in Chemical Peeling, after evaluating your case, will recommend the most suitable chemical substance for your treatment.<\/p><\/div><\/div>\t\t<\/div>\n\t\t\t\t<\/div>\n\t\t\t\t<div class=\"elementor-element elementor-element-e4d1d28 elementor-widget__width-initial elementor-widget elementor-widget-jkit_heading\" data-id=\"e4d1d28\" data-element_type=\"widget\" data-widget_type=\"jkit_heading.default\">\n\t\t\t\t<div class=\"elementor-widget-container\">\n\t\t\t<div  class=\"jeg-elementor-kit jkit-heading  align- align-tablet- align-mobile-center jeg_module__2_69e2755ed3f8f\" ><div class=\"heading-section-title  display-inline-block\"><h3 class=\"heading-title\"><\/h3><\/div><div class=\"heading-section-description\"><p>\u00a0<\/p><table width=\"100%\"><thead><tr><td><strong>Technical Sheet<\/strong><\/td><td>\u00a0<\/td><\/tr><\/thead><tbody><tr><td><strong>Surgical time<\/strong><\/td><td>1 hour per zone<\/td><\/tr><tr><td><strong>Anesthesia<\/strong><\/td><td>Local<\/td><\/tr><tr><td><strong>Hospitalization<\/strong><\/td><td>Not required<\/td><\/tr><tr><td><strong>Recovery<\/strong><\/td><td>2 to 3 days<\/td><\/tr><\/tbody><\/table><\/div><\/div>\t\t<\/div>\n\t\t\t\t<\/div>\n\t\t\t\t\t<\/div>\n\t\t<\/div>\n\t\t\t\t\t<\/div>\n\t\t<\/section>\n\t\t\t\t<section class=\"elementor-section elementor-top-section elementor-element elementor-element-aa68c4b elementor-section-full_width elementor-section-height-default elementor-section-height-default\" data-id=\"aa68c4b\" data-element_type=\"section\" data-settings=\"{&quot;background_background&quot;:&quot;classic&quot;}\">\n\t\t\t\t\t\t<div class=\"elementor-container elementor-column-gap-default\">\n\t\t\t\t\t<div class=\"elementor-column elementor-col-50 elementor-top-column elementor-element elementor-element-53d7fd7\" data-id=\"53d7fd7\" data-element_type=\"column\">\n\t\t\t<div class=\"elementor-widget-wrap elementor-element-populated\">\n\t\t\t\t\t\t<div class=\"elementor-element elementor-element-f782701 elementor-widget__width-initial elementor-widget-tablet__width-inherit elementor-widget elementor-widget-jkit_heading\" data-id=\"f782701\" data-element_type=\"widget\" data-widget_type=\"jkit_heading.default\">\n\t\t\t\t<div class=\"elementor-widget-container\">\n\t\t\t<div  class=\"jeg-elementor-kit jkit-heading  align- align-tablet- align-mobile-center jeg_module__3_69e2755ed495b\" ><div class=\"heading-section-title  display-inline-block\"><h3 class=\"heading-title\">INDICATIONS<\/h3><\/div><h4 class=\"heading-section-subtitle  style-color\">Who is a candidate for Facial Peeling?<\/h4><div class=\"heading-section-description\"><p>Patients with facial aging due to: Acne, small wrinkles, scars, stretch marks, sun exposure, skin sagging, keratosis, spots and open pores.<\/p><\/div><\/div>\t\t<\/div>\n\t\t\t\t<\/div>\n\t\t\t\t<div class=\"elementor-element elementor-element-1792516 elementor-widget__width-initial elementor-widget-tablet__width-inherit elementor-widget elementor-widget-jkit_heading\" data-id=\"1792516\" data-element_type=\"widget\" data-widget_type=\"jkit_heading.default\">\n\t\t\t\t<div class=\"elementor-widget-container\">\n\t\t\t<div  class=\"jeg-elementor-kit jkit-heading  align- align-tablet- align-mobile-center jeg_module__4_69e2755ed4f47\" ><div class=\"heading-section-title  display-inline-block\"><h3 class=\"heading-title\">CONTRAINDICATIONS<\/h3><\/div><h4 class=\"heading-section-subtitle  style-color\">Who can't do a Chemical Peeling?<\/h4><div class=\"heading-section-description\"><ol><li>People with certain diseases or pathologies, which is why their doctor must take a previous medical history.<\/li><li>People who have had a surgical intervention in the area to be treated and at least four months have not passed<\/li><li>If corrective treatment or plastic surgery has been performed and at least four weeks have not passed.<\/li><li>Exposici\u00f3n continua a la luz UV y radioterapia previa<\/li><li>Psychological instability or lability<\/li><li>Recent use of isotretinoin<\/li><li>Predisposition to keloids<\/li><li>Skin type 4, 5 and 6 of the Fitzpatrick classification<\/li><\/ol><\/div><\/div>\t\t<\/div>\n\t\t\t\t<\/div>\n\t\t\t\t\t<\/div>\n\t\t<\/div>\n\t\t\t\t<div class=\"elementor-column elementor-col-50 elementor-top-column elementor-element elementor-element-0a0abdd\" data-id=\"0a0abdd\" data-element_type=\"column\" data-settings=\"{&quot;background_background&quot;:&quot;classic&quot;}\">\n\t\t\t<div class=\"elementor-widget-wrap elementor-element-populated\">\n\t\t\t\t\t\t<div class=\"elementor-element elementor-element-0b70482 elementor-widget elementor-widget-spacer\" data-id=\"0b70482\" data-element_type=\"widget\" data-widget_type=\"spacer.default\">\n\t\t\t\t<div class=\"elementor-widget-container\">\n\t\t\t\t\t<div class=\"elementor-spacer\">\n\t\t\t<div class=\"elementor-spacer-inner\"><\/div>\n\t\t<\/div>\n\t\t\t\t<\/div>\n\t\t\t\t<\/div>\n\t\t\t\t\t<\/div>\n\t\t<\/div>\n\t\t\t\t\t<\/div>\n\t\t<\/section>\n\t\t\t\t<section class=\"elementor-section elementor-top-section elementor-element elementor-element-a17b6a7 elementor-section-full_width elementor-section-height-default elementor-section-height-default\" data-id=\"a17b6a7\" data-element_type=\"section\">\n\t\t\t\t\t\t<div class=\"elementor-container elementor-column-gap-default\">\n\t\t\t\t\t<div class=\"elementor-column elementor-col-50 elementor-top-column elementor-element elementor-element-e4566fa elementor-hidden-mobile\" data-id=\"e4566fa\" data-element_type=\"column\" data-settings=\"{&quot;background_background&quot;:&quot;classic&quot;}\">\n\t\t\t<div class=\"elementor-widget-wrap\">\n\t\t\t\t\t\t\t<\/div>\n\t\t<\/div>\n\t\t\t\t<div class=\"elementor-column elementor-col-50 elementor-top-column elementor-element elementor-element-7889047\" data-id=\"7889047\" data-element_type=\"column\">\n\t\t\t<div class=\"elementor-widget-wrap elementor-element-populated\">\n\t\t\t\t\t\t<div class=\"elementor-element elementor-element-ae89786 elementor-widget__width-initial elementor-widget elementor-widget-jkit_heading\" data-id=\"ae89786\" data-element_type=\"widget\" data-widget_type=\"jkit_heading.default\">\n\t\t\t\t<div class=\"elementor-widget-container\">\n\t\t\t<div  class=\"jeg-elementor-kit jkit-heading  align- align-tablet- align-mobile-center jeg_module__5_69e2755ed560f\" ><div class=\"heading-section-title  display-inline-block\"><h3 class=\"heading-title\">TECHNIQUE<\/h3><\/div><h4 class=\"heading-section-subtitle  style-color\">What is the Facial Peeling technique like?<\/h4><div class=\"heading-section-description\"><p>Facial peeling is a technique used to improve the appearance of the skin on the face, by applying a chemical solution to various areas of the facial skin. This application produces separation and exfoliation of the layers of the skin, which allows the appearance of new regenerated skin.<\/p><p>With 1 session you can notice permanent changes, but depending on each case, 3 to 10 sessions may be needed.<\/p><p>The procedure consists of:<\/p><ul><li>Clean the skin to be treated with an agent that removes excess oil, protecting the eyes and hair.<\/li><li>Apply the product or products, our aesthetic doctors will select the appropriate agent for the peeling depending on the problem to be treated.<\/li><\/ul><p>The treatment of a superficial Peeling lasts approximately 10 to 20 minutes, increasing this time in medium or deep Peels.<\/p><\/div><\/div>\t\t<\/div>\n\t\t\t\t<\/div>\n\t\t\t\t<div class=\"elementor-element elementor-element-25060be elementor-widget__width-initial elementor-widget elementor-widget-jkit_heading\" data-id=\"25060be\" data-element_type=\"widget\" data-widget_type=\"jkit_heading.default\">\n\t\t\t\t<div class=\"elementor-widget-container\">\n\t\t\t<div  class=\"jeg-elementor-kit jkit-heading  align- align-tablet- align-mobile-center jeg_module__6_69e2755ed5cf5\" ><div class=\"heading-section-title  display-inline-block\"><h4 class=\"heading-title\">THERAPEUTIC ACTION<\/h4><\/div><h4 class=\"heading-section-subtitle  style-color\">What should be expected with a Facial Peel?<\/h4><div class=\"heading-section-description\"><p>With Facial Peeling you achieve:<\/p><ul><li>Improve the appearance of open pores.<\/li><li>Reduce scars caused by acne, blemishes and fine wrinkles.<\/li><li>Provide uniformity to the skin tone, giving a more youthful and healthy appearance.<\/li><li>Help control acne, folliculitis and sebaceous secretions.<\/li><li>Put the skin in better conditions to receive any type of dermatological treatment.<\/li><\/ul><\/div><\/div>\t\t<\/div>\n\t\t\t\t<\/div>\n\t\t\t\t\t<\/div>\n\t\t<\/div>\n\t\t\t\t\t<\/div>\n\t\t<\/section>\n\t\t\t\t<section class=\"elementor-section elementor-top-section elementor-element elementor-element-1d8734d elementor-section-full_width elementor-section-height-default elementor-section-height-default\" data-id=\"1d8734d\" data-element_type=\"section\" data-settings=\"{&quot;background_background&quot;:&quot;classic&quot;}\">\n\t\t\t\t\t\t<div class=\"elementor-container elementor-column-gap-default\">\n\t\t\t\t\t<div class=\"elementor-column elementor-col-50 elementor-top-column elementor-element elementor-element-9f51326\" data-id=\"9f51326\" data-element_type=\"column\">\n\t\t\t<div class=\"elementor-widget-wrap elementor-element-populated\">\n\t\t\t\t\t\t<div class=\"elementor-element elementor-element-550218b elementor-widget__width-initial elementor-widget elementor-widget-jkit_heading\" data-id=\"550218b\" data-element_type=\"widget\" data-widget_type=\"jkit_heading.default\">\n\t\t\t\t<div class=\"elementor-widget-container\">\n\t\t\t<div  class=\"jeg-elementor-kit jkit-heading  align- align-tablet- align-mobile-center jeg_module__7_69e2755ed659e\" ><div class=\"heading-section-title  display-inline-block\"><h3 class=\"heading-title\">FREQUENTLY ASKED QUESTIONS<\/h3><\/div><h4 class=\"heading-section-subtitle  style-color\">Answers toAnswers to the most frequently asked questions about Facial Peeling the most frequently asked questions about Facial Peeling<\/h4><div class=\"heading-section-description\"><p>Facial Peeling is an aesthetic medical procedure aimed at improving the quality of the skin on the face, for both men and women, through the topical application of chemical substances, which exfoliate the external layers of the skin and regenerate it, giving the face a more youthful and healthy appearance.<\/p><p>Here you will find the answers to the most frequently asked questions that our patients ask us about Facial Peeling.<\/p><p>In them, you will be able to find out if you are a good candidate, how the treatment is developed, what side effects you can expect, and many more answers, which will answer any questions you may have about Facial Peeling, and will help you achieve the results you are looking for. , to improve your face and feel more comfortable.<\/p><\/div><\/div>\t\t<\/div>\n\t\t\t\t<\/div>\n\t\t\t\t<div class=\"elementor-element elementor-element-a2babc4 elementor-widget__width-initial elementor-widget elementor-widget-jkit_heading\" data-id=\"a2babc4\" data-element_type=\"widget\" data-widget_type=\"jkit_heading.default\">\n\t\t\t\t<div class=\"elementor-widget-container\">\n\t\t\t<div  class=\"jeg-elementor-kit jkit-heading  align- align-tablet- align-mobile-center jeg_module__8_69e2755ed6c29\" ><div class=\"heading-section-title  display-inline-block\"><h4 class=\"heading-title\"><\/h4><\/div><h4 class=\"heading-section-subtitle  style-color\">Is it painful?<\/h4><div class=\"heading-section-description\"><p>The procedure is not painful, so the use of anesthesia is not necessary.<\/p><\/div><\/div>\t\t<\/div>\n\t\t\t\t<\/div>\n\t\t\t\t<div class=\"elementor-element elementor-element-02e3547 elementor-widget__width-initial elementor-widget elementor-widget-jkit_heading\" data-id=\"02e3547\" data-element_type=\"widget\" data-widget_type=\"jkit_heading.default\">\n\t\t\t\t<div class=\"elementor-widget-container\">\n\t\t\t<div  class=\"jeg-elementor-kit jkit-heading  align- align-tablet- align-mobile-center jeg_module__9_69e2755ed724f\" ><div class=\"heading-section-title  display-inline-block\"><h4 class=\"heading-title\"><\/h4><\/div><h4 class=\"heading-section-subtitle  style-color\">How long does it last?<\/h4><div class=\"heading-section-description\"><p>The procedure can be performed in approximately 10 to 20 minutes.<\/p><\/div><\/div>\t\t<\/div>\n\t\t\t\t<\/div>\n\t\t\t\t\t<\/div>\n\t\t<\/div>\n\t\t\t\t<div class=\"elementor-column elementor-col-50 elementor-top-column elementor-element elementor-element-17863f8\" data-id=\"17863f8\" data-element_type=\"column\" data-settings=\"{&quot;background_background&quot;:&quot;classic&quot;}\">\n\t\t\t<div class=\"elementor-widget-wrap elementor-element-populated\">\n\t\t\t\t\t\t<div class=\"elementor-element elementor-element-c01235f elementor-widget elementor-widget-spacer\" data-id=\"c01235f\" data-element_type=\"widget\" data-widget_type=\"spacer.default\">\n\t\t\t\t<div class=\"elementor-widget-container\">\n\t\t\t\t\t<div class=\"elementor-spacer\">\n\t\t\t<div class=\"elementor-spacer-inner\"><\/div>\n\t\t<\/div>\n\t\t\t\t<\/div>\n\t\t\t\t<\/div>\n\t\t\t\t\t<\/div>\n\t\t<\/div>\n\t\t\t\t\t<\/div>\n\t\t<\/section>\n\t\t\t\t<section class=\"elementor-section elementor-top-section elementor-element elementor-element-4074790 elementor-section-full_width elementor-section-height-default elementor-section-height-default\" data-id=\"4074790\" data-element_type=\"section\">\n\t\t\t\t\t\t<div class=\"elementor-container elementor-column-gap-default\">\n\t\t\t\t\t<div class=\"elementor-column elementor-col-50 elementor-top-column elementor-element elementor-element-8fe3e8e elementor-hidden-mobile\" data-id=\"8fe3e8e\" data-element_type=\"column\" data-settings=\"{&quot;background_background&quot;:&quot;classic&quot;}\">\n\t\t\t<div class=\"elementor-widget-wrap\">\n\t\t\t\t\t\t\t<\/div>\n\t\t<\/div>\n\t\t\t\t<div class=\"elementor-column elementor-col-50 elementor-top-column elementor-element elementor-element-5923d12\" data-id=\"5923d12\" data-element_type=\"column\">\n\t\t\t<div class=\"elementor-widget-wrap elementor-element-populated\">\n\t\t\t\t\t\t<div class=\"elementor-element elementor-element-3d7adfd elementor-widget__width-initial elementor-widget elementor-widget-jkit_heading\" data-id=\"3d7adfd\" data-element_type=\"widget\" data-widget_type=\"jkit_heading.default\">\n\t\t\t\t<div class=\"elementor-widget-container\">\n\t\t\t<div  class=\"jeg-elementor-kit jkit-heading  align- align-tablet- align-mobile-center jeg_module__10_69e2755ed78aa\" ><div class=\"heading-section-title  display-inline-block\"><h4 class=\"heading-title\"><\/h4><\/div><h4 class=\"heading-section-subtitle  style-color\">Where is the procedure performed?<\/h4><div class=\"heading-section-description\"><p>The procedure is outpatient and is performed in a box at our Medical Center.<\/p><\/div><\/div>\t\t<\/div>\n\t\t\t\t<\/div>\n\t\t\t\t<div class=\"elementor-element elementor-element-ed78fb1 elementor-widget__width-initial elementor-widget elementor-widget-jkit_heading\" data-id=\"ed78fb1\" data-element_type=\"widget\" data-widget_type=\"jkit_heading.default\">\n\t\t\t\t<div class=\"elementor-widget-container\">\n\t\t\t<div  class=\"jeg-elementor-kit jkit-heading  align- align-tablet- align-mobile-center jeg_module__11_69e2755ed818d\" ><div class=\"heading-section-title  display-inline-block\"><h4 class=\"heading-title\"><\/h4><\/div><h4 class=\"heading-section-subtitle  style-color\">When can I have the treatment?<\/h4><div class=\"heading-section-description\"><p>It can be done at any time of the year, as long as there is no sun exposure.<\/p><\/div><\/div>\t\t<\/div>\n\t\t\t\t<\/div>\n\t\t\t\t<div class=\"elementor-element elementor-element-a57f66e elementor-widget__width-initial elementor-widget elementor-widget-jkit_heading\" data-id=\"a57f66e\" data-element_type=\"widget\" data-widget_type=\"jkit_heading.default\">\n\t\t\t\t<div class=\"elementor-widget-container\">\n\t\t\t<div  class=\"jeg-elementor-kit jkit-heading  align- align-tablet- align-mobile-center jeg_module__12_69e2755ed87b2\" ><div class=\"heading-section-title  display-inline-block\"><h4 class=\"heading-title\"><\/h4><\/div><h4 class=\"heading-section-subtitle  style-color\">What results should I expect?<\/h4><div class=\"heading-section-description\"><p>Compact, elastic, luminous and firm skin is achieved.<\/p><\/div><\/div>\t\t<\/div>\n\t\t\t\t<\/div>\n\t\t\t\t<div class=\"elementor-element elementor-element-5afcdd5 elementor-widget__width-initial elementor-widget elementor-widget-jkit_heading\" data-id=\"5afcdd5\" data-element_type=\"widget\" data-widget_type=\"jkit_heading.default\">\n\t\t\t\t<div class=\"elementor-widget-container\">\n\t\t\t<div  class=\"jeg-elementor-kit jkit-heading  align- align-tablet- align-mobile-center jeg_module__13_69e2755ed8d9e\" ><div class=\"heading-section-title  display-inline-block\"><h4 class=\"heading-title\"><\/h4><\/div><h4 class=\"heading-section-subtitle  style-color\">Can it be used on acne?<\/h4><div class=\"heading-section-description\"><p>It is useful in the treatment of acne and should be repeated periodically to increase its effectiveness.<\/p><\/div><\/div>\t\t<\/div>\n\t\t\t\t<\/div>\n\t\t\t\t\t<\/div>\n\t\t<\/div>\n\t\t\t\t\t<\/div>\n\t\t<\/section>\n\t\t\t\t<\/div>","protected":false},"excerpt":{"rendered":"<p>Peeling facial El envejecimiento, el sol, la fatiga o el estr\u00e9s, ocasionan manchas cut\u00e1neas, arrugas y da\u00f1o en la piel. [&hellip;]<\/p>\n","protected":false},"author":1,"featured_media":0,"parent":0,"menu_order":0,"comment_status":"closed","ping_status":"closed","template":"elementor_header_footer","meta":{"site-sidebar-layout":"no-sidebar","site-content-layout":"","ast-site-content-layout":"full-width-container","site-content-style":"default","site-sidebar-style":"default","ast-global-header-display":"","ast-banner-title-visibility":"","ast-main-header-display":"","ast-hfb-above-header-display":"","ast-hfb-below-header-display":"","ast-hfb-mobile-header-display":"","site-post-title":"disabled","ast-breadcrumbs-content":"","ast-featured-img":"disabled","footer-sml-layout":"","theme-transparent-header-meta":"default","adv-header-id-meta":"","stick-header-meta":"","header-above-stick-meta":"","header-main-stick-meta":"","header-below-stick-meta":"","astra-migrate-meta-layouts":"set","ast-page-background-enabled":"default","ast-page-background-meta":{"desktop":{"background-color":"var(--ast-global-color-4)","background-image":"","background-repeat":"repeat","background-position":"center center","background-size":"auto","background-attachment":"scroll","background-type":"","background-media":"","overlay-type":"","overlay-color":"","overlay-opacity":"","overlay-gradient":""},"tablet":{"background-color":"","background-image":"","background-repeat":"repeat","background-position":"center center","background-size":"auto","background-attachment":"scroll","background-type":"","background-media":"","overlay-type":"","overlay-color":"","overlay-opacity":"","overlay-gradient":""},"mobile":{"background-color":"","background-image":"","background-repeat":"repeat","background-position":"center center","background-size":"auto","background-attachment":"scroll","background-type":"","background-media":"","overlay-type":"","overlay-color":"","overlay-opacity":"","overlay-gradient":""}},"ast-content-background-meta":{"desktop":{"background-color":"var(--ast-global-color-5)","background-image":"","background-repeat":"repeat","background-position":"center center","background-size":"auto","background-attachment":"scroll","background-type":"","background-media":"","overlay-type":"","overlay-color":"","overlay-opacity":"","overlay-gradient":""},"tablet":{"background-color":"var(--ast-global-color-5)","background-image":"","background-repeat":"repeat","background-position":"center center","background-size":"auto","background-attachment":"scroll","background-type":"","background-media":"","overlay-type":"","overlay-color":"","overlay-opacity":"","overlay-gradient":""},"mobile":{"background-color":"var(--ast-global-color-5)","background-image":"","background-repeat":"repeat","background-position":"center center","background-size":"auto","background-attachment":"scroll","background-type":"","background-media":"","overlay-type":"","overlay-color":"","overlay-opacity":"","overlay-gradient":""}},"footnotes":""},"class_list":["post-673","page","type-page","status-publish","hentry"],"_links":{"self":[{"href":"https:\/\/lipoart.es\/en\/wp-json\/wp\/v2\/pages\/673","targetHints":{"allow":["GET"]}}],"collection":[{"href":"https:\/\/lipoart.es\/en\/wp-json\/wp\/v2\/pages"}],"about":[{"href":"https:\/\/lipoart.es\/en\/wp-json\/wp\/v2\/types\/page"}],"author":[{"embeddable":true,"href":"https:\/\/lipoart.es\/en\/wp-json\/wp\/v2\/users\/1"}],"replies":[{"embeddable":true,"href":"https:\/\/lipoart.es\/en\/wp-json\/wp\/v2\/comments?post=673"}],"version-history":[{"count":28,"href":"https:\/\/lipoart.es\/en\/wp-json\/wp\/v2\/pages\/673\/revisions"}],"predecessor-version":[{"id":1662,"href":"https:\/\/lipoart.es\/en\/wp-json\/wp\/v2\/pages\/673\/revisions\/1662"}],"wp:attachment":[{"href":"https:\/\/lipoart.es\/en\/wp-json\/wp\/v2\/media?parent=673"}],"curies":[{"name":"wp","href":"https:\/\/api.w.org\/{rel}","templated":true}]}}