{"id":591,"date":"2024-08-23T20:41:43","date_gmt":"2024-08-23T20:41:43","guid":{"rendered":"https:\/\/lipoart.es\/?page_id=591"},"modified":"2024-12-28T05:43:50","modified_gmt":"2024-12-28T05:43:50","slug":"cirugia-facial","status":"publish","type":"page","link":"https:\/\/lipoart.es\/en\/cirugia-facial\/","title":{"rendered":"facial surgery"},"content":{"rendered":"<div data-elementor-type=\"wp-page\" data-elementor-id=\"591\" class=\"elementor elementor-591\" data-elementor-post-type=\"page\">\n\t\t\t\t\t\t<section class=\"elementor-section elementor-top-section elementor-element elementor-element-d0f2bdb elementor-section-content-middle elementor-section-height-min-height elementor-section-boxed elementor-section-height-default elementor-section-items-middle\" data-id=\"d0f2bdb\" data-element_type=\"section\" data-settings=\"{&quot;background_background&quot;:&quot;classic&quot;}\">\n\t\t\t\t\t\t\t<div class=\"elementor-background-overlay\"><\/div>\n\t\t\t\t\t\t\t<div class=\"elementor-container elementor-column-gap-wide\">\n\t\t\t\t\t<div class=\"elementor-column elementor-col-100 elementor-top-column elementor-element elementor-element-3d348bf\" data-id=\"3d348bf\" data-element_type=\"column\">\n\t\t\t<div class=\"elementor-widget-wrap elementor-element-populated\">\n\t\t\t\t\t\t<div class=\"elementor-element elementor-element-b9cc9e6 elementor-widget elementor-widget-jkit_heading\" data-id=\"b9cc9e6\" data-element_type=\"widget\" data-widget_type=\"jkit_heading.default\">\n\t\t\t\t<div class=\"elementor-widget-container\">\n\t\t\t<div  class=\"jeg-elementor-kit jkit-heading  align-center align-tablet- align-mobile- jeg_module___69e27597b74ba\" ><div class=\"heading-section-title  display-inline-block\"><h1 class=\"heading-title translation-block\"><span class=\"style-color\"><span>facial surgery<\/span><\/span><\/h1><\/div><\/div>\t\t<\/div>\n\t\t\t\t<\/div>\n\t\t\t\t\t<\/div>\n\t\t<\/div>\n\t\t\t\t\t<\/div>\n\t\t<\/section>\n\t\t\t\t<section class=\"elementor-section elementor-top-section elementor-element elementor-element-960f49b elementor-section-full_width elementor-section-height-default elementor-section-height-default\" data-id=\"960f49b\" data-element_type=\"section\" id=\"rino\" data-settings=\"{&quot;background_background&quot;:&quot;classic&quot;}\">\n\t\t\t\t\t\t<div class=\"elementor-container elementor-column-gap-no\">\n\t\t\t\t\t<div class=\"elementor-column elementor-col-50 elementor-top-column elementor-element elementor-element-d19b2ed\" data-id=\"d19b2ed\" data-element_type=\"column\" data-settings=\"{&quot;background_background&quot;:&quot;classic&quot;}\">\n\t\t\t<div class=\"elementor-widget-wrap elementor-element-populated\">\n\t\t\t\t\t\t<div class=\"elementor-element elementor-element-4922f08 elementor-widget elementor-widget-image\" data-id=\"4922f08\" data-element_type=\"widget\" data-widget_type=\"image.default\">\n\t\t\t\t<div class=\"elementor-widget-container\">\n\t\t\t\t\t\t\t\t\t\t\t\t\t<img fetchpriority=\"high\" decoding=\"async\" width=\"600\" height=\"430\" src=\"https:\/\/lipoart.es\/wp-content\/uploads\/2024\/12\/WhatsApp-Image-2024-12-16-at-1.08.22-PM.jpeg\" class=\"attachment-full size-full wp-image-2101\" alt=\"\" srcset=\"https:\/\/lipoart.es\/wp-content\/uploads\/2024\/12\/WhatsApp-Image-2024-12-16-at-1.08.22-PM.jpeg 600w, https:\/\/lipoart.es\/wp-content\/uploads\/2024\/12\/WhatsApp-Image-2024-12-16-at-1.08.22-PM-300x215.jpeg 300w\" sizes=\"(max-width: 600px) 100vw, 600px\" \/>\t\t\t\t\t\t\t\t\t\t\t\t\t<\/div>\n\t\t\t\t<\/div>\n\t\t\t\t<div class=\"elementor-element elementor-element-53fc4d0 elementor-widget elementor-widget-image\" data-id=\"53fc4d0\" data-element_type=\"widget\" data-widget_type=\"image.default\">\n\t\t\t\t<div class=\"elementor-widget-container\">\n\t\t\t\t\t\t\t\t\t\t\t\t\t<img decoding=\"async\" width=\"1024\" height=\"800\" src=\"https:\/\/lipoart.es\/wp-content\/uploads\/2024\/12\/WhatsApp-Image-2024-12-16-at-1.08.29-PM.jpeg\" class=\"attachment-full size-full wp-image-2107\" alt=\"\" srcset=\"https:\/\/lipoart.es\/wp-content\/uploads\/2024\/12\/WhatsApp-Image-2024-12-16-at-1.08.29-PM.jpeg 1024w, https:\/\/lipoart.es\/wp-content\/uploads\/2024\/12\/WhatsApp-Image-2024-12-16-at-1.08.29-PM-300x234.jpeg 300w, https:\/\/lipoart.es\/wp-content\/uploads\/2024\/12\/WhatsApp-Image-2024-12-16-at-1.08.29-PM-768x600.jpeg 768w\" sizes=\"(max-width: 1024px) 100vw, 1024px\" \/>\t\t\t\t\t\t\t\t\t\t\t\t\t<\/div>\n\t\t\t\t<\/div>\n\t\t\t\t\t<\/div>\n\t\t<\/div>\n\t\t\t\t<div class=\"elementor-column elementor-col-50 elementor-top-column elementor-element elementor-element-f1ac3c4\" data-id=\"f1ac3c4\" data-element_type=\"column\">\n\t\t\t<div class=\"elementor-widget-wrap elementor-element-populated\">\n\t\t\t\t\t\t<div class=\"elementor-element elementor-element-7be8b31 elementor-widget__width-initial elementor-widget elementor-widget-jkit_heading\" data-id=\"7be8b31\" data-element_type=\"widget\" data-widget_type=\"jkit_heading.default\">\n\t\t\t\t<div class=\"elementor-widget-container\">\n\t\t\t<div  class=\"jeg-elementor-kit jkit-heading  align- align-tablet- align-mobile-center jeg_module__1_69e27597b7d97\" ><div class=\"heading-section-title  display-inline-block\"><h2 class=\"heading-title\">Rhinoplasty<\/h2><\/div><div class=\"heading-section-description\"><p>A large, aquiline, deviated nose, with a pronounced ridge, and a thick tip, is a subsidiary of undergoing surgery to give it a more harmonious shape and aesthetics. This intervention is called rhinoplasty and consists of remodeling a person's nose to give it a more anatomical appearance and in accordance with their physiognomy. There are multiple rhinoplasty techniques, although they tend to be grouped into two types of procedures:<\/p><p>Open Rhinoplasty: An incision is required in the nasal columella to more easily address the different structures of the nose.<br \/>Closed rhinoplasty: The incision is made in the nasal vestibule without the need to make a visible incision in the columella.<\/p><p>Depending on the type of patient, the plastic surgeon decides one technique or another for the best resolution of the nasal alteration. Rhinoplasty is a surgical intervention that is performed mainly on young people, although the age range is very wide. It is in the first decades of life in which the nasal appendage is one of the objectives of the gaze and the central point of human relationships. When a person decides to have nose surgery, they must know all the details of the intervention, the advantages and possible complications, the plastic surgeon, the clinic where the surgery will be performed, and the postoperative care.<\/p><\/div><\/div>\t\t<\/div>\n\t\t\t\t<\/div>\n\t\t\t\t<div class=\"elementor-element elementor-element-9503c80 elementor-widget__width-initial elementor-widget elementor-widget-jkit_heading\" data-id=\"9503c80\" data-element_type=\"widget\" id=\"ceja\" data-widget_type=\"jkit_heading.default\">\n\t\t\t\t<div class=\"elementor-widget-container\">\n\t\t\t<div  class=\"jeg-elementor-kit jkit-heading  align- align-tablet- align-mobile-center jeg_module__2_69e27597b8333\" ><h3 class=\"heading-section-subtitle  style-color\">Blepharoplasty<\/h3><div class=\"heading-section-title  display-inline-block\"><h3 class=\"heading-title\"><\/h3><\/div><div class=\"heading-section-description\"><p>It consists of a functional or cosmetic surgical procedure with the purpose of reshaping the upper or lower eyelid by eliminating and\/or repositioning excess tissue as well as strengthening the surrounding muscles and tendons. When a significant amount of skin is present on the eyelid, the skin can hang over the eyelashes and cause loss of peripheral vision. The outer and upper parts of the visual field are most commonly affected and the condition can cause difficulty with activities such as driving or reading. Patients with a less severe amount of excess skin can undergo a similar procedure for cosmetic reasons, to improve lower eyelid bags and reduce skin wrinkling.<\/p><p>Blepharoplasty is performed through external incisions made along the natural lines of the eyelids, such as the stripes on the upper eyelids and under the eyelashes on the lower eyelids, or along the inner surface of the lower eyelid. It is an outpatient surgery, because it is not necessary for the patient to remain hospitalized and recovery is quick.<\/p><\/div><\/div>\t\t<\/div>\n\t\t\t\t<\/div>\n\t\t\t\t\t<\/div>\n\t\t<\/div>\n\t\t\t\t\t<\/div>\n\t\t<\/section>\n\t\t\t\t<section class=\"elementor-section elementor-top-section elementor-element elementor-element-6379128 elementor-section-full_width elementor-section-height-default elementor-section-height-default\" data-id=\"6379128\" data-element_type=\"section\" id=\"lift\" data-settings=\"{&quot;background_background&quot;:&quot;classic&quot;}\">\n\t\t\t\t\t\t<div class=\"elementor-container elementor-column-gap-default\">\n\t\t\t\t\t<div class=\"elementor-column elementor-col-50 elementor-top-column elementor-element elementor-element-60da11e\" data-id=\"60da11e\" data-element_type=\"column\">\n\t\t\t<div class=\"elementor-widget-wrap elementor-element-populated\">\n\t\t\t\t\t\t<div class=\"elementor-element elementor-element-a785b7f elementor-widget__width-initial elementor-widget-tablet__width-inherit elementor-widget elementor-widget-jkit_heading\" data-id=\"a785b7f\" data-element_type=\"widget\" data-widget_type=\"jkit_heading.default\">\n\t\t\t\t<div class=\"elementor-widget-container\">\n\t\t\t<div  class=\"jeg-elementor-kit jkit-heading  align- align-tablet- align-mobile-center jeg_module__3_69e27597b88ec\" ><div class=\"heading-section-title  display-inline-block\"><h3 class=\"heading-title\"><\/h3><\/div><h4 class=\"heading-section-subtitle  style-color\">face lift<\/h4><div class=\"heading-section-description\"><p>As people age, the effect of gravity, sun exposure and daily stress produce certain signs of aging on the face, aggravated by tobacco and alcohol habits. The folds between the mouth and nose become accentuated, the mandibular edge loses definition and the neck becomes flaccid.<\/p><p>Lifts must be individualized for each patient. During the consultation, your surgeon will analyze your face, your skin type and your bone structure and will discuss the possibilities that surgery offers you. The interventions basically consist of \u201ctightening\u201d the muscle layers and skin, removing excess tissue. Each case may vary in terms of the placement and extent of the incisions, the areas of the face that need to be improved, the use or not of complementary techniques (blepharoplasty, profileplasties, etc.) and the duration of the intervention.<\/p><p>After surgery, the postoperative period is usually not painful. The discomfort that generally appears is usually well controlled with regular pain relievers. The dressing and drainage tubes are usually removed in 24 to 48 hours.<\/p><\/div><\/div>\t\t<\/div>\n\t\t\t\t<\/div>\n\t\t\t\t<div class=\"elementor-element elementor-element-62fb59f elementor-widget__width-initial elementor-widget-tablet__width-inherit elementor-widget elementor-widget-jkit_heading\" data-id=\"62fb59f\" data-element_type=\"widget\" data-widget_type=\"jkit_heading.default\">\n\t\t\t\t<div class=\"elementor-widget-container\">\n\t\t\t<div  class=\"jeg-elementor-kit jkit-heading  align- align-tablet- align-mobile-center jeg_module__4_69e27597b8ea9\" ><div class=\"heading-section-title  display-inline-block\"><h3 class=\"heading-title\"><\/h3><\/div><h4 class=\"heading-section-subtitle  style-color\">Lipofilling<\/h4><div class=\"heading-section-description\"><p>It consists of obtaining fat through liposuction, processing it and subsequently injecting it into the face to give volume and achieve facial rejuvenation.<\/p><\/div><\/div>\t\t<\/div>\n\t\t\t\t<\/div>\n\t\t\t\t\t<\/div>\n\t\t<\/div>\n\t\t\t\t<div class=\"elementor-column elementor-col-50 elementor-top-column elementor-element elementor-element-2e0b0d6\" data-id=\"2e0b0d6\" data-element_type=\"column\" data-settings=\"{&quot;background_background&quot;:&quot;classic&quot;}\">\n\t\t\t<div class=\"elementor-widget-wrap elementor-element-populated\">\n\t\t\t\t\t\t<div class=\"elementor-element elementor-element-de1034a elementor-widget elementor-widget-spacer\" data-id=\"de1034a\" data-element_type=\"widget\" data-widget_type=\"spacer.default\">\n\t\t\t\t<div class=\"elementor-widget-container\">\n\t\t\t<style>\/*! elementor - v3.23.0 - 05-08-2024 *\/\n.elementor-column .elementor-spacer-inner{height:var(--spacer-size)}.e-con{--container-widget-width:100%}.e-con-inner>.elementor-widget-spacer,.e-con>.elementor-widget-spacer{width:var(--container-widget-width,var(--spacer-size));--align-self:var(--container-widget-align-self,initial);--flex-shrink:0}.e-con-inner>.elementor-widget-spacer>.elementor-widget-container,.e-con>.elementor-widget-spacer>.elementor-widget-container{height:100%;width:100%}.e-con-inner>.elementor-widget-spacer>.elementor-widget-container>.elementor-spacer,.e-con>.elementor-widget-spacer>.elementor-widget-container>.elementor-spacer{height:100%}.e-con-inner>.elementor-widget-spacer>.elementor-widget-container>.elementor-spacer>.elementor-spacer-inner,.e-con>.elementor-widget-spacer>.elementor-widget-container>.elementor-spacer>.elementor-spacer-inner{height:var(--container-widget-height,var(--spacer-size))}.e-con-inner>.elementor-widget-spacer.elementor-widget-empty,.e-con>.elementor-widget-spacer.elementor-widget-empty{position:relative;min-height:22px;min-width:22px}.e-con-inner>.elementor-widget-spacer.elementor-widget-empty .elementor-widget-empty-icon,.e-con>.elementor-widget-spacer.elementor-widget-empty .elementor-widget-empty-icon{position:absolute;top:0;bottom:0;left:0;right:0;margin:auto;padding:0;width:22px;height:22px}<\/style>\t\t<div class=\"elementor-spacer\">\n\t\t\t<div class=\"elementor-spacer-inner\"><\/div>\n\t\t<\/div>\n\t\t\t\t<\/div>\n\t\t\t\t<\/div>\n\t\t\t\t\t<\/div>\n\t\t<\/div>\n\t\t\t\t\t<\/div>\n\t\t<\/section>\n\t\t\t\t<section class=\"elementor-section elementor-top-section elementor-element elementor-element-5d71d78 elementor-section-full_width elementor-section-height-default elementor-section-height-default\" data-id=\"5d71d78\" data-element_type=\"section\" id=\"oto\" data-settings=\"{&quot;background_background&quot;:&quot;classic&quot;}\">\n\t\t\t\t\t\t<div class=\"elementor-container elementor-column-gap-default\">\n\t\t\t\t\t<div class=\"elementor-column elementor-col-50 elementor-top-column elementor-element elementor-element-c7774a2\" data-id=\"c7774a2\" data-element_type=\"column\" data-settings=\"{&quot;background_background&quot;:&quot;classic&quot;}\">\n\t\t\t<div class=\"elementor-widget-wrap elementor-element-populated\">\n\t\t\t\t\t\t<div class=\"elementor-element elementor-element-d5b8c83 elementor-widget elementor-widget-spacer\" data-id=\"d5b8c83\" data-element_type=\"widget\" data-widget_type=\"spacer.default\">\n\t\t\t\t<div class=\"elementor-widget-container\">\n\t\t\t\t\t<div class=\"elementor-spacer\">\n\t\t\t<div class=\"elementor-spacer-inner\"><\/div>\n\t\t<\/div>\n\t\t\t\t<\/div>\n\t\t\t\t<\/div>\n\t\t\t\t\t<\/div>\n\t\t<\/div>\n\t\t\t\t<div class=\"elementor-column elementor-col-50 elementor-top-column elementor-element elementor-element-c300d31\" data-id=\"c300d31\" data-element_type=\"column\" data-settings=\"{&quot;background_background&quot;:&quot;classic&quot;}\">\n\t\t\t<div class=\"elementor-widget-wrap elementor-element-populated\">\n\t\t\t\t\t\t<div class=\"elementor-element elementor-element-9bdf659 elementor-widget__width-initial elementor-widget-tablet__width-inherit elementor-widget elementor-widget-jkit_heading\" data-id=\"9bdf659\" data-element_type=\"widget\" data-widget_type=\"jkit_heading.default\">\n\t\t\t\t<div class=\"elementor-widget-container\">\n\t\t\t<div  class=\"jeg-elementor-kit jkit-heading  align- align-tablet- align-mobile-center jeg_module__5_69e27597b9375\" ><div class=\"heading-section-title  display-inline-block\"><h3 class=\"heading-title\"><\/h3><\/div><h4 class=\"heading-section-subtitle  style-color\">Otoplasties<\/h4><div class=\"heading-section-description\"><p>Plastic intervention of the ears that is performed to correct prominent pinnae or correct their size. Ear deformity is a matter of genetic inheritance and has no well-known cause. Although most of the interventions are carried out on children between 6 and 14 years old, in order to avoid psychological bullying by peers, it is also common in adults, obtaining the same aesthetic results.<\/p><p>Otoplasty is performed in clinic, on an outpatient basis if it is under local anesthesia and intravenous sedation or general anesthesia is required by medical criteria, you must remain hospitalized for one day.<\/p><p>The most commonly used surgical technique is made through an incision behind the ear to expose the cartilage that will be remodeled and thinned as each case requires. Stitches are usually placed in the cartilage until the desired folding is achieved and in this way the ear acquires a new shape.<\/p><\/div><\/div>\t\t<\/div>\n\t\t\t\t<\/div>\n\t\t\t\t\t<\/div>\n\t\t<\/div>\n\t\t\t\t\t<\/div>\n\t\t<\/section>\n\t\t\t\t<section class=\"elementor-section elementor-top-section elementor-element elementor-element-4e9e5dc elementor-section-full_width elementor-section-height-default elementor-section-height-default\" data-id=\"4e9e5dc\" data-element_type=\"section\" id=\"perfil\">\n\t\t\t\t\t\t<div class=\"elementor-container elementor-column-gap-default\">\n\t\t\t\t\t<div class=\"elementor-column elementor-col-50 elementor-top-column elementor-element elementor-element-0aefc17\" data-id=\"0aefc17\" data-element_type=\"column\" data-settings=\"{&quot;background_background&quot;:&quot;classic&quot;}\">\n\t\t\t<div class=\"elementor-widget-wrap elementor-element-populated\">\n\t\t\t\t\t\t<div class=\"elementor-element elementor-element-e9b298c elementor-widget__width-initial elementor-widget-tablet__width-inherit elementor-widget elementor-widget-jkit_heading\" data-id=\"e9b298c\" data-element_type=\"widget\" data-widget_type=\"jkit_heading.default\">\n\t\t\t\t<div class=\"elementor-widget-container\">\n\t\t\t<div  class=\"jeg-elementor-kit jkit-heading  align- align-tablet- align-mobile-center jeg_module__6_69e27597b985b\" ><div class=\"heading-section-title  display-inline-block\"><h3 class=\"heading-title\"><\/h3><\/div><h4 class=\"heading-section-subtitle  style-color\">Perfiloplasties: chin and malar prosthesis<\/h4><div class=\"heading-section-description\"><p>Perfiloplasties: chin and malar prosthesis<\/p><p>The forehead, nose, cheekbones and chin are the key points that make up our profile. That is why they are the ones that receive the most attention, but not only do surgeons focus on these points, but in profileplasty there are many other things to take into account: edges of the jaw, prominence of the cheekbones, distance between eyebrows, etc.<\/p><p>In addition, you also have to look a little into the future and think about the results in case you need to tweak something else. For example, it may be that, when retouching your profile, it may be necessary to fill the lips with some substance to obtain a more harmonious silhouette, or retouch with Botox to soften some wrinkles that may make you look a little ugly.<\/p><\/div><\/div>\t\t<\/div>\n\t\t\t\t<\/div>\n\t\t\t\t\t<\/div>\n\t\t<\/div>\n\t\t\t\t<div class=\"elementor-column elementor-col-50 elementor-top-column elementor-element elementor-element-fc10559 elementor-hidden-mobile\" data-id=\"fc10559\" data-element_type=\"column\" data-settings=\"{&quot;background_background&quot;:&quot;classic&quot;}\">\n\t\t\t<div class=\"elementor-widget-wrap\">\n\t\t\t\t\t\t\t<\/div>\n\t\t<\/div>\n\t\t\t\t\t<\/div>\n\t\t<\/section>\n\t\t\t\t<section class=\"elementor-section elementor-top-section elementor-element elementor-element-c068bbd elementor-section-full_width elementor-section-height-default elementor-section-height-default\" data-id=\"c068bbd\" data-element_type=\"section\" id=\"labio\" data-settings=\"{&quot;background_background&quot;:&quot;classic&quot;}\">\n\t\t\t\t\t\t<div class=\"elementor-container elementor-column-gap-default\">\n\t\t\t\t\t<div class=\"elementor-column elementor-col-50 elementor-top-column elementor-element elementor-element-c6241ae\" data-id=\"c6241ae\" data-element_type=\"column\" data-settings=\"{&quot;background_background&quot;:&quot;classic&quot;}\">\n\t\t\t<div class=\"elementor-widget-wrap elementor-element-populated\">\n\t\t\t\t\t\t<div class=\"elementor-element elementor-element-430cde8 elementor-widget elementor-widget-spacer\" data-id=\"430cde8\" data-element_type=\"widget\" data-widget_type=\"spacer.default\">\n\t\t\t\t<div class=\"elementor-widget-container\">\n\t\t\t\t\t<div class=\"elementor-spacer\">\n\t\t\t<div class=\"elementor-spacer-inner\"><\/div>\n\t\t<\/div>\n\t\t\t\t<\/div>\n\t\t\t\t<\/div>\n\t\t\t\t\t<\/div>\n\t\t<\/div>\n\t\t\t\t<div class=\"elementor-column elementor-col-50 elementor-top-column elementor-element elementor-element-b0473c6\" data-id=\"b0473c6\" data-element_type=\"column\" data-settings=\"{&quot;background_background&quot;:&quot;classic&quot;}\">\n\t\t\t<div class=\"elementor-widget-wrap elementor-element-populated\">\n\t\t\t\t\t\t<div class=\"elementor-element elementor-element-a541a0a elementor-widget__width-initial elementor-widget-tablet__width-inherit elementor-widget elementor-widget-jkit_heading\" data-id=\"a541a0a\" data-element_type=\"widget\" data-widget_type=\"jkit_heading.default\">\n\t\t\t\t<div class=\"elementor-widget-container\">\n\t\t\t<div  class=\"jeg-elementor-kit jkit-heading  align- align-tablet- align-mobile-center jeg_module__7_69e27597b9d66\" ><div class=\"heading-section-title  display-inline-block\"><h3 class=\"heading-title\">Upper Lip Lift<\/h3><\/div><h4 class=\"heading-section-subtitle  style-color\">A younger, more attractive smile<\/h4><div class=\"heading-section-description\"><p data-sourcepos=\"3:1-3:314\" class=\"translation-block\">The <strong>upper lip lift<\/strong>, also known as <strong>lip lift<\/strong> or <strong>lip lift<\/strong>, is an aesthetic procedure that seeks to rejuvenate and improve the appearance of the lips. It consists of shortening the distance between the nose and the upper lip, raising the lip and increasing its volume naturally.<\/p><h3 data-sourcepos=\"7:1-7:43\">Why perform a lip lift?<\/h3><ul data-sourcepos=\"9:1-13:0\"><li data-sourcepos=\"9:1-9:125\" class=\"translation-block\"><strong>Aging:<\/strong> With the passage of time, lips lose volume and become thinner, giving an aged appearance.<\/li><li data-sourcepos=\"10:1-10:99\" class=\"translation-block\"><strong>Small lips:<\/strong> People with naturally small lips may wish to increase their volume.<\/li><li data-sourcepos=\"11:1-11:113\" class=\"translation-block\"><strong>Disproportion between the nose and lips:<\/strong> A lip lift can help balance facial proportions.<\/li><li data-sourcepos=\"12:1-13:0\" class=\"translation-block\"><strong>Improved smile:<\/strong> A higher and fuller upper lip can enhance the smile and give a more youthful appearance.<\/li><\/ul><\/div><\/div>\t\t<\/div>\n\t\t\t\t<\/div>\n\t\t\t\t\t<\/div>\n\t\t<\/div>\n\t\t\t\t\t<\/div>\n\t\t<\/section>\n\t\t\t\t<\/div>","protected":false},"excerpt":{"rendered":"<p>Cirug\u00eda facial Rinoplastia Una nariz grande, aguile\u00f1a, desviada, con caballete pronunciado, de punta gruesa, es subsidiaria de ser intervenida quir\u00fargicamente [&hellip;]<\/p>\n","protected":false},"author":1,"featured_media":0,"parent":0,"menu_order":0,"comment_status":"closed","ping_status":"closed","template":"elementor_header_footer","meta":{"site-sidebar-layout":"no-sidebar","site-content-layout":"","ast-site-content-layout":"full-width-container","site-content-style":"default","site-sidebar-style":"default","ast-global-header-display":"","ast-banner-title-visibility":"","ast-main-header-display":"","ast-hfb-above-header-display":"","ast-hfb-below-header-display":"","ast-hfb-mobile-header-display":"","site-post-title":"disabled","ast-breadcrumbs-content":"","ast-featured-img":"disabled","footer-sml-layout":"","theme-transparent-header-meta":"default","adv-header-id-meta":"","stick-header-meta":"","header-above-stick-meta":"","header-main-stick-meta":"","header-below-stick-meta":"","astra-migrate-meta-layouts":"set","ast-page-background-enabled":"default","ast-page-background-meta":{"desktop":{"background-color":"var(--ast-global-color-4)","background-image":"","background-repeat":"repeat","background-position":"center center","background-size":"auto","background-attachment":"scroll","background-type":"","background-media":"","overlay-type":"","overlay-color":"","overlay-opacity":"","overlay-gradient":""},"tablet":{"background-color":"","background-image":"","background-repeat":"repeat","background-position":"center center","background-size":"auto","background-attachment":"scroll","background-type":"","background-media":"","overlay-type":"","overlay-color":"","overlay-opacity":"","overlay-gradient":""},"mobile":{"background-color":"","background-image":"","background-repeat":"repeat","background-position":"center center","background-size":"auto","background-attachment":"scroll","background-type":"","background-media":"","overlay-type":"","overlay-color":"","overlay-opacity":"","overlay-gradient":""}},"ast-content-background-meta":{"desktop":{"background-color":"var(--ast-global-color-5)","background-image":"","background-repeat":"repeat","background-position":"center center","background-size":"auto","background-attachment":"scroll","background-type":"","background-media":"","overlay-type":"","overlay-color":"","overlay-opacity":"","overlay-gradient":""},"tablet":{"background-color":"var(--ast-global-color-5)","background-image":"","background-repeat":"repeat","background-position":"center center","background-size":"auto","background-attachment":"scroll","background-type":"","background-media":"","overlay-type":"","overlay-color":"","overlay-opacity":"","overlay-gradient":""},"mobile":{"background-color":"var(--ast-global-color-5)","background-image":"","background-repeat":"repeat","background-position":"center center","background-size":"auto","background-attachment":"scroll","background-type":"","background-media":"","overlay-type":"","overlay-color":"","overlay-opacity":"","overlay-gradient":""}},"footnotes":""},"class_list":["post-591","page","type-page","status-publish","hentry"],"_links":{"self":[{"href":"https:\/\/lipoart.es\/en\/wp-json\/wp\/v2\/pages\/591","targetHints":{"allow":["GET"]}}],"collection":[{"href":"https:\/\/lipoart.es\/en\/wp-json\/wp\/v2\/pages"}],"about":[{"href":"https:\/\/lipoart.es\/en\/wp-json\/wp\/v2\/types\/page"}],"author":[{"embeddable":true,"href":"https:\/\/lipoart.es\/en\/wp-json\/wp\/v2\/users\/1"}],"replies":[{"embeddable":true,"href":"https:\/\/lipoart.es\/en\/wp-json\/wp\/v2\/comments?post=591"}],"version-history":[{"count":103,"href":"https:\/\/lipoart.es\/en\/wp-json\/wp\/v2\/pages\/591\/revisions"}],"predecessor-version":[{"id":2352,"href":"https:\/\/lipoart.es\/en\/wp-json\/wp\/v2\/pages\/591\/revisions\/2352"}],"wp:attachment":[{"href":"https:\/\/lipoart.es\/en\/wp-json\/wp\/v2\/media?parent=591"}],"curies":[{"name":"wp","href":"https:\/\/api.w.org\/{rel}","templated":true}]}}