{"id":2344,"date":"2024-12-28T06:17:42","date_gmt":"2024-12-28T06:17:42","guid":{"rendered":"https:\/\/lipoart.es\/?page_id=2344"},"modified":"2024-12-28T06:32:42","modified_gmt":"2024-12-28T06:32:42","slug":"aumento-de-pecho","status":"publish","type":"page","link":"https:\/\/lipoart.es\/en\/aumento-de-pecho\/","title":{"rendered":"Breast augmentation"},"content":{"rendered":"<div data-elementor-type=\"wp-page\" data-elementor-id=\"2344\" class=\"elementor elementor-2344\" data-elementor-post-type=\"page\">\n\t\t\t\t\t\t<section class=\"elementor-section elementor-top-section elementor-element elementor-element-c6baef8 elementor-section-content-middle elementor-section-height-min-height elementor-section-boxed elementor-section-height-default elementor-section-items-middle\" data-id=\"c6baef8\" data-element_type=\"section\" data-settings=\"{&quot;background_background&quot;:&quot;classic&quot;}\">\n\t\t\t\t\t\t\t<div class=\"elementor-background-overlay\"><\/div>\n\t\t\t\t\t\t\t<div class=\"elementor-container elementor-column-gap-wide\">\n\t\t\t\t\t<div class=\"elementor-column elementor-col-100 elementor-top-column elementor-element elementor-element-c87eb4c\" data-id=\"c87eb4c\" data-element_type=\"column\">\n\t\t\t<div class=\"elementor-widget-wrap elementor-element-populated\">\n\t\t\t\t\t\t<div class=\"elementor-element elementor-element-e79736e elementor-widget elementor-widget-jkit_heading\" data-id=\"e79736e\" data-element_type=\"widget\" data-widget_type=\"jkit_heading.default\">\n\t\t\t\t<div class=\"elementor-widget-container\">\n\t\t\t<div  class=\"jeg-elementor-kit jkit-heading  align-center align-tablet- align-mobile- jeg_module___69e283559c515\" ><div class=\"heading-section-title  display-inline-block\"><h1 class=\"heading-title translation-block\"><span class=\"style-color\"><span>Breast Augmentation<\/span><\/span><\/h1><\/div><\/div>\t\t<\/div>\n\t\t\t\t<\/div>\n\t\t\t\t\t<\/div>\n\t\t<\/div>\n\t\t\t\t\t<\/div>\n\t\t<\/section>\n\t\t\t\t<section class=\"elementor-section elementor-top-section elementor-element elementor-element-c2aaf26 elementor-section-full_width elementor-section-height-default elementor-section-height-default\" data-id=\"c2aaf26\" data-element_type=\"section\" data-settings=\"{&quot;background_background&quot;:&quot;classic&quot;}\">\n\t\t\t\t\t\t<div class=\"elementor-container elementor-column-gap-no\">\n\t\t\t\t\t<div class=\"elementor-column elementor-col-50 elementor-top-column elementor-element elementor-element-862566a\" data-id=\"862566a\" data-element_type=\"column\" data-settings=\"{&quot;background_background&quot;:&quot;classic&quot;}\">\n\t\t\t<div class=\"elementor-widget-wrap elementor-element-populated\">\n\t\t\t\t\t\t<div class=\"elementor-element elementor-element-4621a80 elementor-widget elementor-widget-spacer\" data-id=\"4621a80\" data-element_type=\"widget\" data-widget_type=\"spacer.default\">\n\t\t\t\t<div class=\"elementor-widget-container\">\n\t\t\t<style>\/*! elementor - v3.23.0 - 05-08-2024 *\/\n.elementor-column .elementor-spacer-inner{height:var(--spacer-size)}.e-con{--container-widget-width:100%}.e-con-inner>.elementor-widget-spacer,.e-con>.elementor-widget-spacer{width:var(--container-widget-width,var(--spacer-size));--align-self:var(--container-widget-align-self,initial);--flex-shrink:0}.e-con-inner>.elementor-widget-spacer>.elementor-widget-container,.e-con>.elementor-widget-spacer>.elementor-widget-container{height:100%;width:100%}.e-con-inner>.elementor-widget-spacer>.elementor-widget-container>.elementor-spacer,.e-con>.elementor-widget-spacer>.elementor-widget-container>.elementor-spacer{height:100%}.e-con-inner>.elementor-widget-spacer>.elementor-widget-container>.elementor-spacer>.elementor-spacer-inner,.e-con>.elementor-widget-spacer>.elementor-widget-container>.elementor-spacer>.elementor-spacer-inner{height:var(--container-widget-height,var(--spacer-size))}.e-con-inner>.elementor-widget-spacer.elementor-widget-empty,.e-con>.elementor-widget-spacer.elementor-widget-empty{position:relative;min-height:22px;min-width:22px}.e-con-inner>.elementor-widget-spacer.elementor-widget-empty .elementor-widget-empty-icon,.e-con>.elementor-widget-spacer.elementor-widget-empty .elementor-widget-empty-icon{position:absolute;top:0;bottom:0;left:0;right:0;margin:auto;padding:0;width:22px;height:22px}<\/style>\t\t<div class=\"elementor-spacer\">\n\t\t\t<div class=\"elementor-spacer-inner\"><\/div>\n\t\t<\/div>\n\t\t\t\t<\/div>\n\t\t\t\t<\/div>\n\t\t\t\t\t<\/div>\n\t\t<\/div>\n\t\t\t\t<div class=\"elementor-column elementor-col-50 elementor-top-column elementor-element elementor-element-716a6f6\" data-id=\"716a6f6\" data-element_type=\"column\">\n\t\t\t<div class=\"elementor-widget-wrap elementor-element-populated\">\n\t\t\t\t\t\t<div class=\"elementor-element elementor-element-f782701 elementor-widget__width-initial elementor-widget-tablet__width-inherit elementor-widget elementor-widget-jkit_heading\" data-id=\"f782701\" data-element_type=\"widget\" data-widget_type=\"jkit_heading.default\">\n\t\t\t\t<div class=\"elementor-widget-container\">\n\t\t\t<div  class=\"jeg-elementor-kit jkit-heading  align- align-tablet- align-mobile-center jeg_module__1_69e283559ce24\" ><div class=\"heading-section-title  display-inline-block\"><h3 class=\"heading-title\">breast augmentation<\/h3><\/div><div class=\"heading-section-description\"><p data-sourcepos=\"3:1-3:386\" class=\"translation-block\"><strong>Breast augmentation<\/strong>, also known as <strong>breast augmentation<\/strong>, is a very popular cosmetic surgery that seeks to increase the size and improve the shape of the breasts. This procedure can be performed for a variety of reasons, such as improving self-esteem, restoring volume lost after pregnancy or breastfeeding, or simply achieving a more harmonious body proportion.<\/p><h3 data-sourcepos=\"5:1-5:32\">What does the surgery consist of?<\/h3><p data-sourcepos=\"7:1-7:189\">Breast augmentation surgery involves placing breast implants under the breast tissue or pectoral muscle. These implants can be silicone or saline.<\/p><h3 data-sourcepos=\"11:1-11:40\">What are the types of incisions?<\/h3><p data-sourcepos=\"13:1-13:103\">There are different techniques to make the incision, each with its own advantages and disadvantages:<\/p><ul data-sourcepos=\"15:1-19:0\"><li data-sourcepos=\"15:1-15:96\" class=\"translation-block\"><strong>Inframammary incision:<\/strong> It is the most common and is performed in the natural fold under the breast.<\/li><li data-sourcepos=\"16:1-16:74\" class=\"translation-block\"><strong>Periareolar incision:<\/strong> The incision is made around the areola.<\/li><li data-sourcepos=\"17:1-17:58\" class=\"translation-block\"><strong>Axillary incision:<\/strong> The incision is made in the armpit.<\/li><li data-sourcepos=\"18:1-19:0\" class=\"translation-block\"><strong>Transumbilical incision:<\/strong> The incision is made in the navel.<\/li><\/ul><h3 data-sourcepos=\"22:1-22:52\">What are the benefits of breast augmentation?<\/h3><ul data-sourcepos=\"24:1-28:0\"><li data-sourcepos=\"24:1-24:137\" class=\"translation-block\"><strong>Improved self-esteem:<\/strong> By achieving a more proportionate and attractive body, many women experience an increase in their confidence.<\/li><li data-sourcepos=\"25:1-25:105\" class=\"translation-block\"><strong>Increased sensuality:<\/strong> A fuller bust can improve sexual life and the relationship.<\/li><li data-sourcepos=\"26:1-26:91\" class=\"translation-block\"><strong>Body balance:<\/strong> Corrects asymmetries and disproportions between the torso and pelvis.<\/li><li data-sourcepos=\"27:1-28:0\"><strong>Lasting results:<\/strong> Los resultados de la cirug\u00eda suelen ser duraderos.<\/li><\/ul><\/div><\/div>\t\t<\/div>\n\t\t\t\t<\/div>\n\t\t\t\t\t<\/div>\n\t\t<\/div>\n\t\t\t\t\t<\/div>\n\t\t<\/section>\n\t\t\t\t<section class=\"elementor-section elementor-top-section elementor-element elementor-element-aa68c4b elementor-section-full_width elementor-section-height-default elementor-section-height-default\" data-id=\"aa68c4b\" data-element_type=\"section\" id=\"elevacion\" data-settings=\"{&quot;background_background&quot;:&quot;classic&quot;}\">\n\t\t\t\t\t\t<div class=\"elementor-container elementor-column-gap-default\">\n\t\t\t\t\t<div class=\"elementor-column elementor-col-50 elementor-top-column elementor-element elementor-element-53d7fd7\" data-id=\"53d7fd7\" data-element_type=\"column\">\n\t\t\t<div class=\"elementor-widget-wrap elementor-element-populated\">\n\t\t\t\t\t\t<div class=\"elementor-element elementor-element-1792516 elementor-widget__width-initial elementor-widget-tablet__width-inherit elementor-widget elementor-widget-jkit_heading\" data-id=\"1792516\" data-element_type=\"widget\" data-widget_type=\"jkit_heading.default\">\n\t\t\t\t<div class=\"elementor-widget-container\">\n\t\t\t<div  class=\"jeg-elementor-kit jkit-heading  align- align-tablet- align-mobile-center jeg_module__2_69e283559d6e7\" ><div class=\"heading-section-title  display-inline-block\"><h3 class=\"heading-title\">Breast Lift<\/h3><\/div><div class=\"heading-section-description\"><p class=\"translation-block\"><strong>Breast lift<\/strong> or <strong>Mastopexy<\/strong> is a cosmetic surgery performed to correct sagging breasts and return a firmer, more youthful appearance to the breasts. Over time, pregnancy, breastfeeding, and hormonal changes can cause breasts to lose elasticity and sag.<\/p><h3 data-sourcepos=\"7:1-7:45\">Why perform a breast lift?<\/h3><ul data-sourcepos=\"9:1-13:0\"><li data-sourcepos=\"9:1-9:77\" class=\"translation-block\"><strong>Breast sagging:<\/strong> It is the most common reason for having a mastopexy.<\/li><li data-sourcepos=\"10:1-10:152\" class=\"translation-block\"><strong>Volume loss:<\/strong> In some cases, breast lift can be combined with the placement of implants to increase breast volume.<\/li><li data-sourcepos=\"11:1-11:53\" class=\"translation-block\"><strong>Mammary ptosis:<\/strong> Dropping of the nipple and areola.<\/li><li data-sourcepos=\"12:1-13:0\"><strong>Asimetr\u00eda mamaria:<\/strong> Diferentes tama\u00f1os o formas de los senos.<br \/><h3 data-sourcepos=\"28:1-28:39\">\u00a0<\/h3><\/li><\/ul><h3 data-sourcepos=\"28:1-28:39\">Benefits of breast lift<\/h3><ul data-sourcepos=\"30:1-33:0\"><li data-sourcepos=\"30:1-30:100\" class=\"translation-block\"><strong>Improved self-esteem:<\/strong> A firmer, more youthful bust can increase self-confidence.<\/li><li data-sourcepos=\"31:1-31:93\" class=\"translation-block\"><strong>Younger appearance:<\/strong> Mastopexy can rejuvenate the appearance of the chest and torso.<\/li><li data-sourcepos=\"32:1-33:0\" class=\"translation-block\"><strong>Increased comfort:<\/strong> Sagging breasts can cause physical discomfort, such as back pain or chafing. Mastopexy can relieve these symptoms.<\/li><\/ul><\/div><\/div>\t\t<\/div>\n\t\t\t\t<\/div>\n\t\t\t\t\t<\/div>\n\t\t<\/div>\n\t\t\t\t<div class=\"elementor-column elementor-col-50 elementor-top-column elementor-element elementor-element-0a0abdd\" data-id=\"0a0abdd\" data-element_type=\"column\" data-settings=\"{&quot;background_background&quot;:&quot;classic&quot;}\">\n\t\t\t<div class=\"elementor-widget-wrap elementor-element-populated\">\n\t\t\t\t\t\t<div class=\"elementor-element elementor-element-0b70482 elementor-widget elementor-widget-spacer\" data-id=\"0b70482\" data-element_type=\"widget\" data-widget_type=\"spacer.default\">\n\t\t\t\t<div class=\"elementor-widget-container\">\n\t\t\t\t\t<div class=\"elementor-spacer\">\n\t\t\t<div class=\"elementor-spacer-inner\"><\/div>\n\t\t<\/div>\n\t\t\t\t<\/div>\n\t\t\t\t<\/div>\n\t\t\t\t\t<\/div>\n\t\t<\/div>\n\t\t\t\t\t<\/div>\n\t\t<\/section>\n\t\t\t\t<section class=\"elementor-section elementor-top-section elementor-element elementor-element-a17b6a7 elementor-section-full_width elementor-section-height-default elementor-section-height-default\" data-id=\"a17b6a7\" data-element_type=\"section\" id=\"reduccion\">\n\t\t\t\t\t\t<div class=\"elementor-container elementor-column-gap-default\">\n\t\t\t\t\t<div class=\"elementor-column elementor-col-50 elementor-top-column elementor-element elementor-element-e4566fa elementor-hidden-mobile\" data-id=\"e4566fa\" data-element_type=\"column\" data-settings=\"{&quot;background_background&quot;:&quot;classic&quot;}\">\n\t\t\t<div class=\"elementor-widget-wrap\">\n\t\t\t\t\t\t\t<\/div>\n\t\t<\/div>\n\t\t\t\t<div class=\"elementor-column elementor-col-50 elementor-top-column elementor-element elementor-element-7889047\" data-id=\"7889047\" data-element_type=\"column\">\n\t\t\t<div class=\"elementor-widget-wrap elementor-element-populated\">\n\t\t\t\t\t\t<div class=\"elementor-element elementor-element-ae89786 elementor-widget__width-initial elementor-widget elementor-widget-jkit_heading\" data-id=\"ae89786\" data-element_type=\"widget\" data-widget_type=\"jkit_heading.default\">\n\t\t\t\t<div class=\"elementor-widget-container\">\n\t\t\t<div  class=\"jeg-elementor-kit jkit-heading  align- align-tablet- align-mobile-center jeg_module__3_69e283559def0\" ><div class=\"heading-section-title  display-inline-block\"><h3 class=\"heading-title\">Breast Reduction<\/h3><\/div><h4 class=\"heading-section-subtitle  style-color\">A new you<\/h4><div class=\"heading-section-description\"><p class=\"translation-block\"><strong>Breast reduction<\/strong> or <strong>Reduction mammoplasty<\/strong> is a cosmetic surgery that seeks to reduce the size and weight of excessively large breasts. This procedure not only improves physical appearance, but can also relieve physical discomfort associated with voluminous breasts such as back, neck and shoulder pain, as well as skin problems.<\/p><h3 data-sourcepos=\"7:1-7:44\">Why perform a breast reduction?<\/h3><ul data-sourcepos=\"9:1-13:0\"><li data-sourcepos=\"9:1-9:87\" class=\"translation-block\"><strong>Physical pain:<\/strong> Large breasts can cause back, neck and shoulder pain.<\/li><li data-sourcepos=\"10:1-10:121\" class=\"translation-block\"><strong>Physical limitations:<\/strong> Difficulty performing physical activities, finding appropriate clothing and postural problems.<\/li><li data-sourcepos=\"11:1-11:93\" class=\"translation-block\"><strong>Skin problems:<\/strong> Irritation, psoriasis, fungal infections under the breasts.<\/li><li data-sourcepos=\"12:1-13:0\" class=\"translation-block\"><strong>Aesthetic complexes:<\/strong> Women with very large breasts may feel uncomfortable with their body and have low self-esteem.<br><br><\/li><\/ul><h3 data-sourcepos=\"28:1-28:38\">Benefits of breast reduction<\/h3><ul data-sourcepos=\"30:1-34:0\"><li data-sourcepos=\"30:1-30:82\" class=\"translation-block\"><strong>Pain Relief:<\/strong> Decreases or eliminates back, neck and shoulder pain.<\/li><li data-sourcepos=\"31:1-31:69\" class=\"translation-block\"><strong>Improved posture:<\/strong> Allows a more upright and comfortable posture.<\/li><li data-sourcepos=\"32:1-32:91\" class=\"translation-block\"><strong>Increased self-esteem:<\/strong> Women feel more confident and comfortable with their bodies.<\/li><li data-sourcepos=\"33:1-34:0\" class=\"translation-block\"><strong>Greater ease in performing physical activities:<\/strong> Allows you to perform activities that were previously difficult or painful.<\/li><\/ul><\/div><\/div>\t\t<\/div>\n\t\t\t\t<\/div>\n\t\t\t\t\t<\/div>\n\t\t<\/div>\n\t\t\t\t\t<\/div>\n\t\t<\/section>\n\t\t\t\t<\/div>","protected":false},"excerpt":{"rendered":"<p>Aumento de Pechos Aumento de pechos El aumento de senos, tambi\u00e9n conocido como mamoplastia de aumento, es una cirug\u00eda est\u00e9tica [&hellip;]<\/p>\n","protected":false},"author":1,"featured_media":0,"parent":0,"menu_order":0,"comment_status":"closed","ping_status":"closed","template":"elementor_header_footer","meta":{"site-sidebar-layout":"no-sidebar","site-content-layout":"","ast-site-content-layout":"full-width-container","site-content-style":"default","site-sidebar-style":"default","ast-global-header-display":"","ast-banner-title-visibility":"","ast-main-header-display":"","ast-hfb-above-header-display":"","ast-hfb-below-header-display":"","ast-hfb-mobile-header-display":"","site-post-title":"disabled","ast-breadcrumbs-content":"","ast-featured-img":"disabled","footer-sml-layout":"","theme-transparent-header-meta":"default","adv-header-id-meta":"","stick-header-meta":"","header-above-stick-meta":"","header-main-stick-meta":"","header-below-stick-meta":"","astra-migrate-meta-layouts":"set","ast-page-background-enabled":"default","ast-page-background-meta":{"desktop":{"background-color":"var(--ast-global-color-4)","background-image":"","background-repeat":"repeat","background-position":"center center","background-size":"auto","background-attachment":"scroll","background-type":"","background-media":"","overlay-type":"","overlay-color":"","overlay-opacity":"","overlay-gradient":""},"tablet":{"background-color":"","background-image":"","background-repeat":"repeat","background-position":"center center","background-size":"auto","background-attachment":"scroll","background-type":"","background-media":"","overlay-type":"","overlay-color":"","overlay-opacity":"","overlay-gradient":""},"mobile":{"background-color":"","background-image":"","background-repeat":"repeat","background-position":"center center","background-size":"auto","background-attachment":"scroll","background-type":"","background-media":"","overlay-type":"","overlay-color":"","overlay-opacity":"","overlay-gradient":""}},"ast-content-background-meta":{"desktop":{"background-color":"var(--ast-global-color-5)","background-image":"","background-repeat":"repeat","background-position":"center center","background-size":"auto","background-attachment":"scroll","background-type":"","background-media":"","overlay-type":"","overlay-color":"","overlay-opacity":"","overlay-gradient":""},"tablet":{"background-color":"var(--ast-global-color-5)","background-image":"","background-repeat":"repeat","background-position":"center center","background-size":"auto","background-attachment":"scroll","background-type":"","background-media":"","overlay-type":"","overlay-color":"","overlay-opacity":"","overlay-gradient":""},"mobile":{"background-color":"var(--ast-global-color-5)","background-image":"","background-repeat":"repeat","background-position":"center center","background-size":"auto","background-attachment":"scroll","background-type":"","background-media":"","overlay-type":"","overlay-color":"","overlay-opacity":"","overlay-gradient":""}},"footnotes":""},"class_list":["post-2344","page","type-page","status-publish","hentry"],"_links":{"self":[{"href":"https:\/\/lipoart.es\/en\/wp-json\/wp\/v2\/pages\/2344","targetHints":{"allow":["GET"]}}],"collection":[{"href":"https:\/\/lipoart.es\/en\/wp-json\/wp\/v2\/pages"}],"about":[{"href":"https:\/\/lipoart.es\/en\/wp-json\/wp\/v2\/types\/page"}],"author":[{"embeddable":true,"href":"https:\/\/lipoart.es\/en\/wp-json\/wp\/v2\/users\/1"}],"replies":[{"embeddable":true,"href":"https:\/\/lipoart.es\/en\/wp-json\/wp\/v2\/comments?post=2344"}],"version-history":[{"count":16,"href":"https:\/\/lipoart.es\/en\/wp-json\/wp\/v2\/pages\/2344\/revisions"}],"predecessor-version":[{"id":2381,"href":"https:\/\/lipoart.es\/en\/wp-json\/wp\/v2\/pages\/2344\/revisions\/2381"}],"wp:attachment":[{"href":"https:\/\/lipoart.es\/en\/wp-json\/wp\/v2\/media?parent=2344"}],"curies":[{"name":"wp","href":"https:\/\/api.w.org\/{rel}","templated":true}]}}