{"id":2342,"date":"2024-12-28T06:47:20","date_gmt":"2024-12-28T06:47:20","guid":{"rendered":"https:\/\/lipoart.es\/?page_id=2342"},"modified":"2024-12-28T06:55:43","modified_gmt":"2024-12-28T06:55:43","slug":"aumento-de-gluteos","status":"publish","type":"page","link":"https:\/\/lipoart.es\/en\/aumento-de-gluteos\/","title":{"rendered":"Buttock augmentation"},"content":{"rendered":"<div data-elementor-type=\"wp-page\" data-elementor-id=\"2342\" class=\"elementor elementor-2342\" data-elementor-post-type=\"page\">\n\t\t\t\t\t\t<section class=\"elementor-section elementor-top-section elementor-element elementor-element-c6baef8 elementor-section-content-middle elementor-section-height-min-height elementor-section-boxed elementor-section-height-default elementor-section-items-middle\" data-id=\"c6baef8\" data-element_type=\"section\" data-settings=\"{&quot;background_background&quot;:&quot;classic&quot;}\">\n\t\t\t\t\t\t\t<div class=\"elementor-background-overlay\"><\/div>\n\t\t\t\t\t\t\t<div class=\"elementor-container elementor-column-gap-wide\">\n\t\t\t\t\t<div class=\"elementor-column elementor-col-100 elementor-top-column elementor-element elementor-element-c87eb4c\" data-id=\"c87eb4c\" data-element_type=\"column\">\n\t\t\t<div class=\"elementor-widget-wrap elementor-element-populated\">\n\t\t\t\t\t\t<div class=\"elementor-element elementor-element-e79736e elementor-widget elementor-widget-jkit_heading\" data-id=\"e79736e\" data-element_type=\"widget\" data-widget_type=\"jkit_heading.default\">\n\t\t\t\t<div class=\"elementor-widget-container\">\n\t\t\t<div  class=\"jeg-elementor-kit jkit-heading  align-center align-tablet- align-mobile- jeg_module___69e28787cd1c6\" ><div class=\"heading-section-title  display-inline-block\"><h1 class=\"heading-title translation-block\"><span class=\"style-color\"><span>Buttock Augmentation<\/span><\/span><\/h1><\/div><\/div>\t\t<\/div>\n\t\t\t\t<\/div>\n\t\t\t\t\t<\/div>\n\t\t<\/div>\n\t\t\t\t\t<\/div>\n\t\t<\/section>\n\t\t\t\t<section class=\"elementor-section elementor-top-section elementor-element elementor-element-c2aaf26 elementor-section-full_width elementor-section-height-default elementor-section-height-default\" data-id=\"c2aaf26\" data-element_type=\"section\" data-settings=\"{&quot;background_background&quot;:&quot;classic&quot;}\">\n\t\t\t\t\t\t<div class=\"elementor-container elementor-column-gap-no\">\n\t\t\t\t\t<div class=\"elementor-column elementor-col-50 elementor-top-column elementor-element elementor-element-862566a\" data-id=\"862566a\" data-element_type=\"column\" data-settings=\"{&quot;background_background&quot;:&quot;classic&quot;}\">\n\t\t\t<div class=\"elementor-widget-wrap elementor-element-populated\">\n\t\t\t\t\t\t<div class=\"elementor-element elementor-element-4621a80 elementor-widget elementor-widget-spacer\" data-id=\"4621a80\" data-element_type=\"widget\" data-widget_type=\"spacer.default\">\n\t\t\t\t<div class=\"elementor-widget-container\">\n\t\t\t<style>\/*! elementor - v3.23.0 - 05-08-2024 *\/\n.elementor-column .elementor-spacer-inner{height:var(--spacer-size)}.e-con{--container-widget-width:100%}.e-con-inner>.elementor-widget-spacer,.e-con>.elementor-widget-spacer{width:var(--container-widget-width,var(--spacer-size));--align-self:var(--container-widget-align-self,initial);--flex-shrink:0}.e-con-inner>.elementor-widget-spacer>.elementor-widget-container,.e-con>.elementor-widget-spacer>.elementor-widget-container{height:100%;width:100%}.e-con-inner>.elementor-widget-spacer>.elementor-widget-container>.elementor-spacer,.e-con>.elementor-widget-spacer>.elementor-widget-container>.elementor-spacer{height:100%}.e-con-inner>.elementor-widget-spacer>.elementor-widget-container>.elementor-spacer>.elementor-spacer-inner,.e-con>.elementor-widget-spacer>.elementor-widget-container>.elementor-spacer>.elementor-spacer-inner{height:var(--container-widget-height,var(--spacer-size))}.e-con-inner>.elementor-widget-spacer.elementor-widget-empty,.e-con>.elementor-widget-spacer.elementor-widget-empty{position:relative;min-height:22px;min-width:22px}.e-con-inner>.elementor-widget-spacer.elementor-widget-empty .elementor-widget-empty-icon,.e-con>.elementor-widget-spacer.elementor-widget-empty .elementor-widget-empty-icon{position:absolute;top:0;bottom:0;left:0;right:0;margin:auto;padding:0;width:22px;height:22px}<\/style>\t\t<div class=\"elementor-spacer\">\n\t\t\t<div class=\"elementor-spacer-inner\"><\/div>\n\t\t<\/div>\n\t\t\t\t<\/div>\n\t\t\t\t<\/div>\n\t\t\t\t\t<\/div>\n\t\t<\/div>\n\t\t\t\t<div class=\"elementor-column elementor-col-50 elementor-top-column elementor-element elementor-element-716a6f6\" data-id=\"716a6f6\" data-element_type=\"column\">\n\t\t\t<div class=\"elementor-widget-wrap elementor-element-populated\">\n\t\t\t\t\t\t<div class=\"elementor-element elementor-element-f782701 elementor-widget__width-initial elementor-widget-tablet__width-inherit elementor-widget elementor-widget-jkit_heading\" data-id=\"f782701\" data-element_type=\"widget\" data-widget_type=\"jkit_heading.default\">\n\t\t\t\t<div class=\"elementor-widget-container\">\n\t\t\t<div  class=\"jeg-elementor-kit jkit-heading  align- align-tablet- align-mobile-center jeg_module__1_69e28787cda95\" ><div class=\"heading-section-title  display-inline-block\"><h3 class=\"heading-title translation-block\"><span class=\"style-color\"><span>Buttock Augmentation<\/span><\/span><\/h3><\/div><div class=\"heading-section-description\"><p data-sourcepos=\"3:1-3:242\" class=\"translation-block\">Buttock augmentation is an increasingly popular cosmetic surgery that seeks to enhance and increase the volume of the buttocks. This intervention can be performed through different techniques, each with its own advantages and disadvantages.<\/p><h3 data-sourcepos=\"5:1-5:44\">Why perform a buttock augmentation?<\/h3><ul data-sourcepos=\"7:1-11:0\"><li data-sourcepos=\"7:1-7:73\" class=\"translation-block\"><strong>Lack of volume:<\/strong> People with flat or underdeveloped glutes.<\/li><li data-sourcepos=\"8:1-8:65\" class=\"translation-block\"><strong>Asymmetry:<\/strong> Inequality in the size or shape of the buttocks.<\/li><li data-sourcepos=\"9:1-9:90\" class=\"translation-block\"><strong>Improve body proportion:<\/strong> To achieve a curvier and more balanced figure<\/li><li data-sourcepos=\"10:1-11:0\" class=\"translation-block\"><strong>Increase self-esteem:<\/strong> A more voluminous and firm gluteus can improve self-confidence.<\/li><\/ul><h3 data-sourcepos=\"12:1-12:39\">Techniques for buttock augmentation<\/h3><p data-sourcepos=\"14:1-14:76\">There are mainly two techniques to increase the volume of the glutes:<\/p><ul data-sourcepos=\"16:1-18:0\"><li data-sourcepos=\"16:1-16:141\" class=\"translation-block\"><strong>Buttock implant:<\/strong> Silicone prostheses or cohesive silicone gel are placed inside the buttocks to increase their volume and shape.<\/li><li data-sourcepos=\"17:1-18:0\" class=\"translation-block\"><strong>Lipofilling:<\/strong> Fat is extracted from other areas of the body (abdomen, thighs, etc.) and injected into the buttocks to increase their volume.<\/li><\/ul><h3 data-sourcepos=\"34:1-34:37\">Benefits of buttock augmentation<\/h3><ul data-sourcepos=\"36:1-39:0\"><li data-sourcepos=\"36:1-36:91\" class=\"translation-block\"><strong>Improved silhouette:<\/strong> A more voluminous and firm gluteus improves body proportion.<\/li><li data-sourcepos=\"37:1-37:82\" class=\"translation-block\"><strong>Increased self-esteem:<\/strong> Greater confidence in oneself and one's own body.<\/li><li data-sourcepos=\"38:1-39:0\" class=\"translation-block\"><strong>Long-lasting results:<\/strong> Both implants and grafted fat can provide long-lasting results.<\/li><\/ul><\/div><\/div>\t\t<\/div>\n\t\t\t\t<\/div>\n\t\t\t\t\t<\/div>\n\t\t<\/div>\n\t\t\t\t\t<\/div>\n\t\t<\/section>\n\t\t\t\t<\/div>","protected":false},"excerpt":{"rendered":"<p>Aumento de Gl\u00fateos Aumento de Gl\u00fateos El aumento de gl\u00fateos es una cirug\u00eda est\u00e9tica cada vez m\u00e1s popular que busca [&hellip;]<\/p>\n","protected":false},"author":1,"featured_media":0,"parent":0,"menu_order":0,"comment_status":"closed","ping_status":"closed","template":"elementor_header_footer","meta":{"site-sidebar-layout":"no-sidebar","site-content-layout":"","ast-site-content-layout":"full-width-container","site-content-style":"default","site-sidebar-style":"default","ast-global-header-display":"","ast-banner-title-visibility":"","ast-main-header-display":"","ast-hfb-above-header-display":"","ast-hfb-below-header-display":"","ast-hfb-mobile-header-display":"","site-post-title":"disabled","ast-breadcrumbs-content":"","ast-featured-img":"disabled","footer-sml-layout":"","theme-transparent-header-meta":"default","adv-header-id-meta":"","stick-header-meta":"","header-above-stick-meta":"","header-main-stick-meta":"","header-below-stick-meta":"","astra-migrate-meta-layouts":"set","ast-page-background-enabled":"default","ast-page-background-meta":{"desktop":{"background-color":"var(--ast-global-color-4)","background-image":"","background-repeat":"repeat","background-position":"center center","background-size":"auto","background-attachment":"scroll","background-type":"","background-media":"","overlay-type":"","overlay-color":"","overlay-opacity":"","overlay-gradient":""},"tablet":{"background-color":"","background-image":"","background-repeat":"repeat","background-position":"center center","background-size":"auto","background-attachment":"scroll","background-type":"","background-media":"","overlay-type":"","overlay-color":"","overlay-opacity":"","overlay-gradient":""},"mobile":{"background-color":"","background-image":"","background-repeat":"repeat","background-position":"center center","background-size":"auto","background-attachment":"scroll","background-type":"","background-media":"","overlay-type":"","overlay-color":"","overlay-opacity":"","overlay-gradient":""}},"ast-content-background-meta":{"desktop":{"background-color":"var(--ast-global-color-5)","background-image":"","background-repeat":"repeat","background-position":"center center","background-size":"auto","background-attachment":"scroll","background-type":"","background-media":"","overlay-type":"","overlay-color":"","overlay-opacity":"","overlay-gradient":""},"tablet":{"background-color":"var(--ast-global-color-5)","background-image":"","background-repeat":"repeat","background-position":"center center","background-size":"auto","background-attachment":"scroll","background-type":"","background-media":"","overlay-type":"","overlay-color":"","overlay-opacity":"","overlay-gradient":""},"mobile":{"background-color":"var(--ast-global-color-5)","background-image":"","background-repeat":"repeat","background-position":"center center","background-size":"auto","background-attachment":"scroll","background-type":"","background-media":"","overlay-type":"","overlay-color":"","overlay-opacity":"","overlay-gradient":""}},"footnotes":""},"class_list":["post-2342","page","type-page","status-publish","hentry"],"_links":{"self":[{"href":"https:\/\/lipoart.es\/en\/wp-json\/wp\/v2\/pages\/2342","targetHints":{"allow":["GET"]}}],"collection":[{"href":"https:\/\/lipoart.es\/en\/wp-json\/wp\/v2\/pages"}],"about":[{"href":"https:\/\/lipoart.es\/en\/wp-json\/wp\/v2\/types\/page"}],"author":[{"embeddable":true,"href":"https:\/\/lipoart.es\/en\/wp-json\/wp\/v2\/users\/1"}],"replies":[{"embeddable":true,"href":"https:\/\/lipoart.es\/en\/wp-json\/wp\/v2\/comments?post=2342"}],"version-history":[{"count":4,"href":"https:\/\/lipoart.es\/en\/wp-json\/wp\/v2\/pages\/2342\/revisions"}],"predecessor-version":[{"id":2399,"href":"https:\/\/lipoart.es\/en\/wp-json\/wp\/v2\/pages\/2342\/revisions\/2399"}],"wp:attachment":[{"href":"https:\/\/lipoart.es\/en\/wp-json\/wp\/v2\/media?parent=2342"}],"curies":[{"name":"wp","href":"https:\/\/api.w.org\/{rel}","templated":true}]}}