{"id":2293,"date":"2024-12-28T02:01:56","date_gmt":"2024-12-28T02:01:56","guid":{"rendered":"https:\/\/lipoart.es\/?page_id=2293"},"modified":"2024-12-28T02:13:17","modified_gmt":"2024-12-28T02:13:17","slug":"eliminacion-de-verrugas-con-laser","status":"publish","type":"page","link":"https:\/\/lipoart.es\/en\/eliminacion-de-verrugas-con-laser\/","title":{"rendered":"Laser wart removal"},"content":{"rendered":"<div data-elementor-type=\"wp-page\" data-elementor-id=\"2293\" class=\"elementor elementor-2293\" data-elementor-post-type=\"page\">\n\t\t\t\t\t\t<section class=\"elementor-section elementor-top-section elementor-element elementor-element-c6baef8 elementor-section-content-middle elementor-section-height-min-height elementor-section-boxed elementor-section-height-default elementor-section-items-middle\" data-id=\"c6baef8\" data-element_type=\"section\" data-settings=\"{&quot;background_background&quot;:&quot;classic&quot;}\">\n\t\t\t\t\t\t\t<div class=\"elementor-background-overlay\"><\/div>\n\t\t\t\t\t\t\t<div class=\"elementor-container elementor-column-gap-wide\">\n\t\t\t\t\t<div class=\"elementor-column elementor-col-100 elementor-top-column elementor-element elementor-element-c87eb4c\" data-id=\"c87eb4c\" data-element_type=\"column\">\n\t\t\t<div class=\"elementor-widget-wrap elementor-element-populated\">\n\t\t\t\t\t\t<div class=\"elementor-element elementor-element-e79736e elementor-widget elementor-widget-jkit_heading\" data-id=\"e79736e\" data-element_type=\"widget\" data-widget_type=\"jkit_heading.default\">\n\t\t\t\t<div class=\"elementor-widget-container\">\n\t\t\t<div  class=\"jeg-elementor-kit jkit-heading  align-center align-tablet- align-mobile- jeg_module___69e285c83b7e0\" ><div class=\"heading-section-title  display-inline-block\"><h1 class=\"heading-title translation-block\">Wart Removal <span class=\"style-color\"><span>with Laser<\/span><\/span><\/h1><\/div><\/div>\t\t<\/div>\n\t\t\t\t<\/div>\n\t\t\t\t\t<\/div>\n\t\t<\/div>\n\t\t\t\t\t<\/div>\n\t\t<\/section>\n\t\t\t\t<section class=\"elementor-section elementor-top-section elementor-element elementor-element-c2aaf26 elementor-section-full_width elementor-section-height-default elementor-section-height-default\" data-id=\"c2aaf26\" data-element_type=\"section\" data-settings=\"{&quot;background_background&quot;:&quot;classic&quot;}\">\n\t\t\t\t\t\t<div class=\"elementor-container elementor-column-gap-no\">\n\t\t\t\t\t<div class=\"elementor-column elementor-col-50 elementor-top-column elementor-element elementor-element-862566a\" data-id=\"862566a\" data-element_type=\"column\" data-settings=\"{&quot;background_background&quot;:&quot;classic&quot;}\">\n\t\t\t<div class=\"elementor-widget-wrap elementor-element-populated\">\n\t\t\t\t\t\t<div class=\"elementor-element elementor-element-4621a80 elementor-widget elementor-widget-spacer\" data-id=\"4621a80\" data-element_type=\"widget\" data-widget_type=\"spacer.default\">\n\t\t\t\t<div class=\"elementor-widget-container\">\n\t\t\t<style>\/*! elementor - v3.23.0 - 05-08-2024 *\/\n.elementor-column .elementor-spacer-inner{height:var(--spacer-size)}.e-con{--container-widget-width:100%}.e-con-inner>.elementor-widget-spacer,.e-con>.elementor-widget-spacer{width:var(--container-widget-width,var(--spacer-size));--align-self:var(--container-widget-align-self,initial);--flex-shrink:0}.e-con-inner>.elementor-widget-spacer>.elementor-widget-container,.e-con>.elementor-widget-spacer>.elementor-widget-container{height:100%;width:100%}.e-con-inner>.elementor-widget-spacer>.elementor-widget-container>.elementor-spacer,.e-con>.elementor-widget-spacer>.elementor-widget-container>.elementor-spacer{height:100%}.e-con-inner>.elementor-widget-spacer>.elementor-widget-container>.elementor-spacer>.elementor-spacer-inner,.e-con>.elementor-widget-spacer>.elementor-widget-container>.elementor-spacer>.elementor-spacer-inner{height:var(--container-widget-height,var(--spacer-size))}.e-con-inner>.elementor-widget-spacer.elementor-widget-empty,.e-con>.elementor-widget-spacer.elementor-widget-empty{position:relative;min-height:22px;min-width:22px}.e-con-inner>.elementor-widget-spacer.elementor-widget-empty .elementor-widget-empty-icon,.e-con>.elementor-widget-spacer.elementor-widget-empty .elementor-widget-empty-icon{position:absolute;top:0;bottom:0;left:0;right:0;margin:auto;padding:0;width:22px;height:22px}<\/style>\t\t<div class=\"elementor-spacer\">\n\t\t\t<div class=\"elementor-spacer-inner\"><\/div>\n\t\t<\/div>\n\t\t\t\t<\/div>\n\t\t\t\t<\/div>\n\t\t\t\t\t<\/div>\n\t\t<\/div>\n\t\t\t\t<div class=\"elementor-column elementor-col-50 elementor-top-column elementor-element elementor-element-716a6f6\" data-id=\"716a6f6\" data-element_type=\"column\">\n\t\t\t<div class=\"elementor-widget-wrap elementor-element-populated\">\n\t\t\t\t\t\t<div class=\"elementor-element elementor-element-f782701 elementor-widget__width-initial elementor-widget-tablet__width-inherit elementor-widget elementor-widget-jkit_heading\" data-id=\"f782701\" data-element_type=\"widget\" data-widget_type=\"jkit_heading.default\">\n\t\t\t\t<div class=\"elementor-widget-container\">\n\t\t\t<div  class=\"jeg-elementor-kit jkit-heading  align- align-tablet- align-mobile-center jeg_module__1_69e285c83c179\" ><div class=\"heading-section-title  display-inline-block\"><h3 class=\"heading-title translation-block\">Wart Removal <span class=\"style-color\"><span>with Laser<\/span><\/span><\/h3><\/div><h4 class=\"heading-section-subtitle  style-color\"> A Precise and Effective Solution<\/h4><div class=\"heading-section-description\"><p>Laser wart removal has become one of the most popular and effective methods for treating these benign skin lesions. This technique, which uses a concentrated beam of light to vaporize wart tissue, offers a number of advantages over other traditional treatments.<\/p><h3 data-sourcepos=\"13:1-13:54\">Benefits of laser wart removal<\/h3><ul data-sourcepos=\"15:1-21:0\"><li data-sourcepos=\"15:1-15:116\" class=\"translation-block\"><strong>Precision:<\/strong> The laser allows you to remove the wart precisely, minimizing the risk of damaging healthy skin.<\/li><li data-sourcepos=\"16:1-16:87\" class=\"translation-block\"><strong>Speed:<\/strong> The procedure is usually quick, especially for small warts.<\/li><li data-sourcepos=\"17:1-17:91\" class=\"translation-block\"><strong>Minimal invasion:<\/strong> Does not require incision and therefore reduces the risk of infection.<\/li><li data-sourcepos=\"18:1-18:120\" class=\"translation-block\"><strong>Rapid healing:<\/strong> Most laser-treated warts heal quickly and leave minimal marks.<\/li><li data-sourcepos=\"19:1-19:88\" class=\"translation-block\"><strong>Effectiveness:<\/strong> The success rate of laser wart removal is very high.<\/li><li data-sourcepos=\"20:1-21:0\" class=\"translation-block\"><strong>Outpatient procedure:<\/strong> It is performed in the doctor's office and does not require hospitalization.<\/li><\/ul><\/div><\/div>\t\t<\/div>\n\t\t\t\t<\/div>\n\t\t\t\t\t<\/div>\n\t\t<\/div>\n\t\t\t\t\t<\/div>\n\t\t<\/section>\n\t\t\t\t<\/div>","protected":false},"excerpt":{"rendered":"<p>Eliminaci\u00f3n de Verrugas con L\u00e1ser Eliminaci\u00f3n de Verrugas con L\u00e1ser Una Soluci\u00f3n Precisa y Eficaz La eliminaci\u00f3n de verrugas con [&hellip;]<\/p>\n","protected":false},"author":1,"featured_media":0,"parent":0,"menu_order":0,"comment_status":"closed","ping_status":"closed","template":"elementor_header_footer","meta":{"site-sidebar-layout":"no-sidebar","site-content-layout":"","ast-site-content-layout":"full-width-container","site-content-style":"default","site-sidebar-style":"default","ast-global-header-display":"","ast-banner-title-visibility":"","ast-main-header-display":"","ast-hfb-above-header-display":"","ast-hfb-below-header-display":"","ast-hfb-mobile-header-display":"","site-post-title":"disabled","ast-breadcrumbs-content":"","ast-featured-img":"disabled","footer-sml-layout":"","theme-transparent-header-meta":"default","adv-header-id-meta":"","stick-header-meta":"","header-above-stick-meta":"","header-main-stick-meta":"","header-below-stick-meta":"","astra-migrate-meta-layouts":"set","ast-page-background-enabled":"default","ast-page-background-meta":{"desktop":{"background-color":"var(--ast-global-color-4)","background-image":"","background-repeat":"repeat","background-position":"center center","background-size":"auto","background-attachment":"scroll","background-type":"","background-media":"","overlay-type":"","overlay-color":"","overlay-opacity":"","overlay-gradient":""},"tablet":{"background-color":"","background-image":"","background-repeat":"repeat","background-position":"center center","background-size":"auto","background-attachment":"scroll","background-type":"","background-media":"","overlay-type":"","overlay-color":"","overlay-opacity":"","overlay-gradient":""},"mobile":{"background-color":"","background-image":"","background-repeat":"repeat","background-position":"center center","background-size":"auto","background-attachment":"scroll","background-type":"","background-media":"","overlay-type":"","overlay-color":"","overlay-opacity":"","overlay-gradient":""}},"ast-content-background-meta":{"desktop":{"background-color":"var(--ast-global-color-5)","background-image":"","background-repeat":"repeat","background-position":"center center","background-size":"auto","background-attachment":"scroll","background-type":"","background-media":"","overlay-type":"","overlay-color":"","overlay-opacity":"","overlay-gradient":""},"tablet":{"background-color":"var(--ast-global-color-5)","background-image":"","background-repeat":"repeat","background-position":"center center","background-size":"auto","background-attachment":"scroll","background-type":"","background-media":"","overlay-type":"","overlay-color":"","overlay-opacity":"","overlay-gradient":""},"mobile":{"background-color":"var(--ast-global-color-5)","background-image":"","background-repeat":"repeat","background-position":"center center","background-size":"auto","background-attachment":"scroll","background-type":"","background-media":"","overlay-type":"","overlay-color":"","overlay-opacity":"","overlay-gradient":""}},"footnotes":""},"class_list":["post-2293","page","type-page","status-publish","hentry"],"_links":{"self":[{"href":"https:\/\/lipoart.es\/en\/wp-json\/wp\/v2\/pages\/2293","targetHints":{"allow":["GET"]}}],"collection":[{"href":"https:\/\/lipoart.es\/en\/wp-json\/wp\/v2\/pages"}],"about":[{"href":"https:\/\/lipoart.es\/en\/wp-json\/wp\/v2\/types\/page"}],"author":[{"embeddable":true,"href":"https:\/\/lipoart.es\/en\/wp-json\/wp\/v2\/users\/1"}],"replies":[{"embeddable":true,"href":"https:\/\/lipoart.es\/en\/wp-json\/wp\/v2\/comments?post=2293"}],"version-history":[{"count":7,"href":"https:\/\/lipoart.es\/en\/wp-json\/wp\/v2\/pages\/2293\/revisions"}],"predecessor-version":[{"id":2302,"href":"https:\/\/lipoart.es\/en\/wp-json\/wp\/v2\/pages\/2293\/revisions\/2302"}],"wp:attachment":[{"href":"https:\/\/lipoart.es\/en\/wp-json\/wp\/v2\/media?parent=2293"}],"curies":[{"name":"wp","href":"https:\/\/api.w.org\/{rel}","templated":true}]}}