{"id":2256,"date":"2024-12-28T01:22:03","date_gmt":"2024-12-28T01:22:03","guid":{"rendered":"https:\/\/lipoart.es\/?page_id=2256"},"modified":"2024-12-28T01:26:00","modified_gmt":"2024-12-28T01:26:00","slug":"alopecia","status":"publish","type":"page","link":"https:\/\/lipoart.es\/en\/alopecia\/","title":{"rendered":"Alopezie"},"content":{"rendered":"<div data-elementor-type=\"wp-page\" data-elementor-id=\"2256\" class=\"elementor elementor-2256\" data-elementor-post-type=\"page\">\n\t\t\t\t\t\t<section class=\"elementor-section elementor-top-section elementor-element elementor-element-c6baef8 elementor-section-content-middle elementor-section-height-min-height elementor-section-boxed elementor-section-height-default elementor-section-items-middle\" data-id=\"c6baef8\" data-element_type=\"section\" data-settings=\"{&quot;background_background&quot;:&quot;classic&quot;}\">\n\t\t\t\t\t\t\t<div class=\"elementor-background-overlay\"><\/div>\n\t\t\t\t\t\t\t<div class=\"elementor-container elementor-column-gap-wide\">\n\t\t\t\t\t<div class=\"elementor-column elementor-col-100 elementor-top-column elementor-element elementor-element-c87eb4c\" data-id=\"c87eb4c\" data-element_type=\"column\">\n\t\t\t<div class=\"elementor-widget-wrap elementor-element-populated\">\n\t\t\t\t\t\t<div class=\"elementor-element elementor-element-e79736e elementor-widget elementor-widget-jkit_heading\" data-id=\"e79736e\" data-element_type=\"widget\" data-widget_type=\"jkit_heading.default\">\n\t\t\t\t<div class=\"elementor-widget-container\">\n\t\t\t<div  class=\"jeg-elementor-kit jkit-heading  align-center align-tablet- align-mobile- jeg_module___69e283034e1b3\" ><div class=\"heading-section-title  display-inline-block\"><h1 class=\"heading-title\">Alopezie<\/h1><\/div><\/div>\t\t<\/div>\n\t\t\t\t<\/div>\n\t\t\t\t\t<\/div>\n\t\t<\/div>\n\t\t\t\t\t<\/div>\n\t\t<\/section>\n\t\t\t\t<section class=\"elementor-section elementor-top-section elementor-element elementor-element-c2aaf26 elementor-section-full_width elementor-section-height-default elementor-section-height-default\" data-id=\"c2aaf26\" data-element_type=\"section\" data-settings=\"{&quot;background_background&quot;:&quot;classic&quot;}\">\n\t\t\t\t\t\t<div class=\"elementor-container elementor-column-gap-no\">\n\t\t\t\t\t<div class=\"elementor-column elementor-col-50 elementor-top-column elementor-element elementor-element-862566a\" data-id=\"862566a\" data-element_type=\"column\" data-settings=\"{&quot;background_background&quot;:&quot;classic&quot;}\">\n\t\t\t<div class=\"elementor-widget-wrap elementor-element-populated\">\n\t\t\t\t\t\t<div class=\"elementor-element elementor-element-4621a80 elementor-widget elementor-widget-spacer\" data-id=\"4621a80\" data-element_type=\"widget\" data-widget_type=\"spacer.default\">\n\t\t\t\t<div class=\"elementor-widget-container\">\n\t\t\t<style>\/*! elementor - v3.23.0 - 05-08-2024 *\/\n.elementor-column .elementor-spacer-inner{height:var(--spacer-size)}.e-con{--container-widget-width:100%}.e-con-inner>.elementor-widget-spacer,.e-con>.elementor-widget-spacer{width:var(--container-widget-width,var(--spacer-size));--align-self:var(--container-widget-align-self,initial);--flex-shrink:0}.e-con-inner>.elementor-widget-spacer>.elementor-widget-container,.e-con>.elementor-widget-spacer>.elementor-widget-container{height:100%;width:100%}.e-con-inner>.elementor-widget-spacer>.elementor-widget-container>.elementor-spacer,.e-con>.elementor-widget-spacer>.elementor-widget-container>.elementor-spacer{height:100%}.e-con-inner>.elementor-widget-spacer>.elementor-widget-container>.elementor-spacer>.elementor-spacer-inner,.e-con>.elementor-widget-spacer>.elementor-widget-container>.elementor-spacer>.elementor-spacer-inner{height:var(--container-widget-height,var(--spacer-size))}.e-con-inner>.elementor-widget-spacer.elementor-widget-empty,.e-con>.elementor-widget-spacer.elementor-widget-empty{position:relative;min-height:22px;min-width:22px}.e-con-inner>.elementor-widget-spacer.elementor-widget-empty .elementor-widget-empty-icon,.e-con>.elementor-widget-spacer.elementor-widget-empty .elementor-widget-empty-icon{position:absolute;top:0;bottom:0;left:0;right:0;margin:auto;padding:0;width:22px;height:22px}<\/style>\t\t<div class=\"elementor-spacer\">\n\t\t\t<div class=\"elementor-spacer-inner\"><\/div>\n\t\t<\/div>\n\t\t\t\t<\/div>\n\t\t\t\t<\/div>\n\t\t\t\t\t<\/div>\n\t\t<\/div>\n\t\t\t\t<div class=\"elementor-column elementor-col-50 elementor-top-column elementor-element elementor-element-716a6f6\" data-id=\"716a6f6\" data-element_type=\"column\">\n\t\t\t<div class=\"elementor-widget-wrap elementor-element-populated\">\n\t\t\t\t\t\t<div class=\"elementor-element elementor-element-f782701 elementor-widget__width-initial elementor-widget-tablet__width-inherit elementor-widget elementor-widget-jkit_heading\" data-id=\"f782701\" data-element_type=\"widget\" data-widget_type=\"jkit_heading.default\">\n\t\t\t\t<div class=\"elementor-widget-container\">\n\t\t\t<div  class=\"jeg-elementor-kit jkit-heading  align- align-tablet- align-mobile-center jeg_module__1_69e283034ea66\" ><div class=\"heading-section-title  display-inline-block\"><h3 class=\"heading-title\">Alopezie<\/h3><\/div><h4 class=\"heading-section-subtitle  style-color\">Say goodbye to hair loss!<\/h4><div class=\"heading-section-description\"><p data-sourcepos=\"5:1-5:219\">Alopecia can be a concern for many people, but we have the solution! At Lipoart, we offer advanced aesthetic treatments to combat hair loss and regain your confidence.<\/p><p data-sourcepos=\"7:1-7:19\"><strong>What do we offer?<\/strong><\/p><ul data-sourcepos=\"9:1-15:0\"><li data-sourcepos=\"9:1-9:159\" class=\"translation-block\"><strong>Personalized treatments:<\/strong> We evaluate each case individually to determine the most appropriate treatment according to your type of alopecia and needs.<\/li><li data-sourcepos=\"10:1-10:173\" class=\"translation-block\"><strong>Minoxidil and Finasteride:<\/strong> These topical and oral medications, respectively, are market leaders in stimulating hair growth and preventing hair loss.<\/li><li data-sourcepos=\"11:1-11:140\" class=\"translation-block\"><strong>Platelet Rich Plasma (PRP):<\/strong> We use your own blood to stimulate hair regeneration and strengthen hair follicles.<\/li><li data-sourcepos=\"12:1-12:140\" class=\"translation-block\"><strong>Hair mesotherapy:<\/strong> Microinjections with vitamins, minerals and amino acids that nourish the scalp and promote growth.<\/li><li data-sourcepos=\"13:1-13:124\" class=\"translation-block\"><strong>Microneedling:<\/strong> Stimulates the production of collagen and elastin, improving hair quality and stopping hair loss.<\/li><li data-sourcepos=\"14:1-15:0\" class=\"translation-block\"><strong>Hair transplant:<\/strong> The definitive solution for baldness, through the extraction and transplantation of hair follicles.<\/li><\/ul><p data-sourcepos=\"16:1-16:27\"><strong>How can we help you?<\/strong><\/p><ul data-sourcepos=\"18:1-22:0\"><li data-sourcepos=\"18:1-18:102\" class=\"translation-block\"><strong>Accurate diagnosis:<\/strong> We identify the cause of your alopecia to offer you effective treatment.<\/li><li data-sourcepos=\"19:1-19:96\" class=\"translation-block\"><strong>Personalized treatment plan:<\/strong> We design a tailored plan to achieve your goals.<\/li><li data-sourcepos=\"20:1-20:97\" class=\"translation-block\"><strong>Team of experts:<\/strong> We have highly trained professionals in hair care.<\/li><li data-sourcepos=\"21:1-22:0\" class=\"translation-block\"><strong>Visible results:<\/strong> You will notice the first results in a few weeks.<\/li><\/ul><\/div><\/div>\t\t<\/div>\n\t\t\t\t<\/div>\n\t\t\t\t\t<\/div>\n\t\t<\/div>\n\t\t\t\t\t<\/div>\n\t\t<\/section>\n\t\t\t\t<\/div>","protected":false},"excerpt":{"rendered":"<p>Alopecia Alopecia \u00a1Dile adi\u00f3s a la ca\u00edda del cabello! La alopecia puede ser una preocupaci\u00f3n para muchas personas, pero \u00a1tenemos [&hellip;]<\/p>\n","protected":false},"author":1,"featured_media":0,"parent":0,"menu_order":0,"comment_status":"closed","ping_status":"closed","template":"elementor_header_footer","meta":{"site-sidebar-layout":"no-sidebar","site-content-layout":"","ast-site-content-layout":"full-width-container","site-content-style":"default","site-sidebar-style":"default","ast-global-header-display":"","ast-banner-title-visibility":"","ast-main-header-display":"","ast-hfb-above-header-display":"","ast-hfb-below-header-display":"","ast-hfb-mobile-header-display":"","site-post-title":"disabled","ast-breadcrumbs-content":"","ast-featured-img":"disabled","footer-sml-layout":"","theme-transparent-header-meta":"default","adv-header-id-meta":"","stick-header-meta":"","header-above-stick-meta":"","header-main-stick-meta":"","header-below-stick-meta":"","astra-migrate-meta-layouts":"set","ast-page-background-enabled":"default","ast-page-background-meta":{"desktop":{"background-color":"var(--ast-global-color-4)","background-image":"","background-repeat":"repeat","background-position":"center center","background-size":"auto","background-attachment":"scroll","background-type":"","background-media":"","overlay-type":"","overlay-color":"","overlay-opacity":"","overlay-gradient":""},"tablet":{"background-color":"","background-image":"","background-repeat":"repeat","background-position":"center center","background-size":"auto","background-attachment":"scroll","background-type":"","background-media":"","overlay-type":"","overlay-color":"","overlay-opacity":"","overlay-gradient":""},"mobile":{"background-color":"","background-image":"","background-repeat":"repeat","background-position":"center center","background-size":"auto","background-attachment":"scroll","background-type":"","background-media":"","overlay-type":"","overlay-color":"","overlay-opacity":"","overlay-gradient":""}},"ast-content-background-meta":{"desktop":{"background-color":"var(--ast-global-color-5)","background-image":"","background-repeat":"repeat","background-position":"center center","background-size":"auto","background-attachment":"scroll","background-type":"","background-media":"","overlay-type":"","overlay-color":"","overlay-opacity":"","overlay-gradient":""},"tablet":{"background-color":"var(--ast-global-color-5)","background-image":"","background-repeat":"repeat","background-position":"center center","background-size":"auto","background-attachment":"scroll","background-type":"","background-media":"","overlay-type":"","overlay-color":"","overlay-opacity":"","overlay-gradient":""},"mobile":{"background-color":"var(--ast-global-color-5)","background-image":"","background-repeat":"repeat","background-position":"center center","background-size":"auto","background-attachment":"scroll","background-type":"","background-media":"","overlay-type":"","overlay-color":"","overlay-opacity":"","overlay-gradient":""}},"footnotes":""},"class_list":["post-2256","page","type-page","status-publish","hentry"],"_links":{"self":[{"href":"https:\/\/lipoart.es\/en\/wp-json\/wp\/v2\/pages\/2256","targetHints":{"allow":["GET"]}}],"collection":[{"href":"https:\/\/lipoart.es\/en\/wp-json\/wp\/v2\/pages"}],"about":[{"href":"https:\/\/lipoart.es\/en\/wp-json\/wp\/v2\/types\/page"}],"author":[{"embeddable":true,"href":"https:\/\/lipoart.es\/en\/wp-json\/wp\/v2\/users\/1"}],"replies":[{"embeddable":true,"href":"https:\/\/lipoart.es\/en\/wp-json\/wp\/v2\/comments?post=2256"}],"version-history":[{"count":7,"href":"https:\/\/lipoart.es\/en\/wp-json\/wp\/v2\/pages\/2256\/revisions"}],"predecessor-version":[{"id":2289,"href":"https:\/\/lipoart.es\/en\/wp-json\/wp\/v2\/pages\/2256\/revisions\/2289"}],"wp:attachment":[{"href":"https:\/\/lipoart.es\/en\/wp-json\/wp\/v2\/media?parent=2256"}],"curies":[{"name":"wp","href":"https:\/\/api.w.org\/{rel}","templated":true}]}}